{"id":1487,"date":"2023-06-27T10:50:38","date_gmt":"2023-06-27T10:50:38","guid":{"rendered":"https:\/\/beratung.vamtam.com\/?page_id=1487"},"modified":"2026-04-08T05:48:06","modified_gmt":"2026-04-08T05:48:06","slug":"advisory-1","status":"publish","type":"page","link":"https:\/\/eyshfinancial.com\/en\/services\/advisory-1\/","title":{"rendered":"Asesoria"},"content":{"rendered":"\t\t<div data-elementor-type=\"wp-page\" data-elementor-id=\"1487\" class=\"elementor elementor-1487\" data-elementor-post-type=\"page\">\n\t\t\t\t\t\t<section class=\"elementor-section elementor-top-section elementor-element elementor-element-67af2bf5 elementor-section-boxed elementor-section-height-default elementor-section-height-default\" data-id=\"67af2bf5\" data-element_type=\"section\" data-e-type=\"section\">\n\t\t\t\t\t\t\t<div class=\"elementor-background-overlay\"><\/div>\n\t\t\t\t\t\t\t<div class=\"elementor-container elementor-column-gap-no\">\n\t\t\t\t\t<div class=\"elementor-column elementor-col-33 elementor-top-column elementor-element elementor-element-fe3f21d\" data-id=\"fe3f21d\" data-element_type=\"column\" data-e-type=\"column\">\n\t\t\t<div class=\"elementor-widget-wrap elementor-element-populated\">\n\t\t\t\t\t\t<div class=\"elementor-element elementor-element-64d1a7b6 elementor-widget elementor-widget-text-editor\" data-id=\"64d1a7b6\" data-element_type=\"widget\" data-e-type=\"widget\" data-widget_type=\"text-editor.default\">\n\t\t\t\t<div class=\"elementor-widget-container\">\n\t\t\t\t\t\t\t\t\t<div class=\"elementor-element elementor-element-43d427c elementor-widget elementor-widget-heading\" data-id=\"43d427c\" data-element_type=\"widget\" data-widget_type=\"heading.default\"><div class=\"elementor-widget-container\"><p>Nuestros servicios de advisory est\u00e1n dise\u00f1ados para proporcionar asesoramiento estrat\u00e9gico que impulsa el crecimiento y la eficiencia de su empresa. Analizamos su situaci\u00f3n actual y desarrollamos soluciones personalizadas que optimizan sus operaciones, gestionan riesgos y aprovechan oportunidades de mercado. Nuestro equipo de expertos combina un profundo conocimiento de la industria con habilidades t\u00e9cnicas avanzadas para ofrecerle recomendaciones pr\u00e1cticas y efectivas.<\/p><p>Trabajamos estrechamente con usted para entender sus objetivos y desaf\u00edos espec\u00edficos, proporcionando un enfoque integral que abarca desde la planificaci\u00f3n estrat\u00e9gica hasta la implementaci\u00f3n de soluciones. Ya sea que necesite mejorar su estructura organizativa, optimizar procesos internos o explorar nuevas oportunidades de negocio, nuestros servicios de advisory est\u00e1n dise\u00f1ados para ayudarle a alcanzar sus metas y mantener una ventaja competitiva en el mercado. Conf\u00ede en nosotros para guiarle en cada paso del camino hacia el \u00e9xito empresarial.<\/p><\/div><\/div>\t\t\t\t\t\t\t\t<\/div>\n\t\t\t\t<\/div>\n\t\t\t\t<div class=\"elementor-element elementor-element-8362314 elementor-widget elementor-widget-spacer\" data-id=\"8362314\" data-element_type=\"widget\" data-e-type=\"widget\" data-widget_type=\"spacer.default\">\n\t\t\t\t<div class=\"elementor-widget-container\">\n\t\t\t\t\t\t\t<div class=\"elementor-spacer\">\n\t\t\t<div class=\"elementor-spacer-inner\"><\/div>\n\t\t<\/div>\n\t\t\t\t\t\t<\/div>\n\t\t\t\t<\/div>\n\t\t\t\t<div class=\"elementor-element elementor-element-d84a278 elementor-widget elementor-widget-text-editor\" data-id=\"d84a278\" data-element_type=\"widget\" data-e-type=\"widget\" data-widget_type=\"text-editor.default\">\n\t\t\t\t<div class=\"elementor-widget-container\">\n\t\t\t\t\t\t\t\t\t<p><span style=\"font-style: normal; font-variant-ligatures: normal; font-variant-caps: normal; font-weight: bold; font-size: 14px; font-family: Helvetica, sans-serif; color: #5c614d;\">Servicios:<\/span><br style=\"color: #5c614d; font-size: 14px;\" \/><br style=\"color: #5c614d; font-size: 14px;\" \/><span style=\"color: #5c614d; font-family: Helvetica, sans-serif; font-size: 14px; font-style: normal; font-variant-ligatures: normal; font-variant-caps: normal; font-weight: 400;\">&#8211; Consulting<\/span><br style=\"color: #5c614d; font-size: 14px;\" \/><span style=\"color: #5c614d; font-family: Helvetica, sans-serif; font-size: 14px; font-style: normal; font-variant-ligatures: normal; font-variant-caps: normal; font-weight: 400;\">&#8211; Risk<\/span><br style=\"color: #5c614d; font-size: 14px;\" \/><span style=\"color: #5c614d; font-family: Helvetica, sans-serif; font-size: 14px; font-style: normal; font-variant-ligatures: normal; font-variant-caps: normal; font-weight: 400;\">&#8211; Deal Advisory<\/span><\/p>\t\t\t\t\t\t\t\t<\/div>\n\t\t\t\t<\/div>\n\t\t\t\t\t<\/div>\n\t\t<\/div>\n\t\t\t\t<div class=\"elementor-column elementor-col-33 elementor-top-column elementor-element elementor-element-e15ffa3\" data-id=\"e15ffa3\" data-element_type=\"column\" data-e-type=\"column\">\n\t\t\t<div class=\"elementor-widget-wrap\">\n\t\t\t\t\t\t\t<\/div>\n\t\t<\/div>\n\t\t\t\t<div class=\"elementor-column elementor-col-33 elementor-top-column elementor-element elementor-element-56aafe8c\" data-id=\"56aafe8c\" data-element_type=\"column\" data-e-type=\"column\">\n\t\t\t<div class=\"elementor-widget-wrap elementor-element-populated\">\n\t\t\t\t\t\t<div class=\"elementor-element elementor-element-cd02b80 elementor-widget elementor-widget-heading\" data-id=\"cd02b80\" data-element_type=\"widget\" data-e-type=\"widget\" data-widget_type=\"heading.default\">\n\t\t\t\t<div class=\"elementor-widget-container\">\n\t\t\t\t\t<h2 class=\"elementor-heading-title elementor-size-default\">Creamos y protegemos el valor sostenible de su negocio.\n\n<\/h2>\t\t\t\t<\/div>\n\t\t\t\t<\/div>\n\t\t\t\t<div class=\"vamtam-has-theme-widget-styles elementor-element elementor-element-6970115 vamtam-has-underline-anim elementor-widget elementor-widget-button\" data-id=\"6970115\" data-element_type=\"widget\" data-e-type=\"widget\" data-widget_type=\"button.default\">\n\t\t\t\t<div class=\"elementor-widget-container\">\n\t\t\t\t\t\t\t\t\t<div class=\"elementor-button-wrapper\">\n\t\t\t\t\t<a class=\"elementor-button elementor-button-link elementor-size-sm\" href=\"https:\/\/eyshfinancial.com\/en\/contact\/\">\n\t\t\t\t\t\t<span class=\"elementor-button-content-wrapper\">\n\t\t\t\t\t\t\t\t\t<span class=\"elementor-button-text\">Obten Una Consulta<\/span>\n\t\t\t\t\t<\/span>\n\t\t\t\t\t<\/a>\n\t\t\t\t<\/div>\n\t\t\t\t\t\t\t\t<\/div>\n\t\t\t\t<\/div>\n\t\t\t\t\t<\/div>\n\t\t<\/div>\n\t\t\t\t\t<\/div>\n\t\t<\/section>\n\t\t\t\t<section class=\"elementor-section elementor-top-section elementor-element elementor-element-0a1660e elementor-section-height-min-height elementor-section-items-stretch elementor-section-content-middle elementor-section-boxed elementor-section-height-default\" data-id=\"0a1660e\" data-element_type=\"section\" data-e-type=\"section\" data-settings=\"{&quot;background_background&quot;:&quot;classic&quot;,&quot;background_motion_fx_translateY_effect&quot;:&quot;yes&quot;,&quot;background_motion_fx_translateY_speed&quot;:{&quot;unit&quot;:&quot;px&quot;,&quot;size&quot;:4.8,&quot;sizes&quot;:[]},&quot;background_motion_fx_devices&quot;:[&quot;desktop&quot;],&quot;background_motion_fx_motion_fx_scrolling&quot;:&quot;yes&quot;,&quot;background_motion_fx_translateY_affectedRange&quot;:{&quot;unit&quot;:&quot;%&quot;,&quot;size&quot;:&quot;&quot;,&quot;sizes&quot;:{&quot;start&quot;:10,&quot;end&quot;:85}}}\">\n\t\t\t\t\t\t\t<div class=\"elementor-background-overlay\"><\/div>\n\t\t\t\t\t\t\t<div class=\"elementor-container elementor-column-gap-no\">\n\t\t\t\t\t<div class=\"elementor-column elementor-col-100 elementor-top-column elementor-element elementor-element-915b660\" data-id=\"915b660\" data-element_type=\"column\" data-e-type=\"column\" data-settings=\"{&quot;background_background&quot;:&quot;classic&quot;}\">\n\t\t\t<div class=\"elementor-widget-wrap\">\n\t\t\t\t\t\t\t<\/div>\n\t\t<\/div>\n\t\t\t\t\t<\/div>\n\t\t<\/section>\n\t\t<div class=\"elementor-element elementor-element-404dfe0 e-flex e-con-boxed e-con e-parent\" data-id=\"404dfe0\" data-element_type=\"container\" data-e-type=\"container\">\n\t\t\t\t\t<div class=\"e-con-inner\">\n\t\t\t\t\t<\/div>\n\t\t\t\t<\/div>\n\t\t\t\t<\/div>\n\t\t","protected":false},"excerpt":{"rendered":"<p>Risk management and compliance, when approached strategically, have the potential to go beyond mitigating threats and protecting a company&#8217;s operations and reputation. <\/p>\n<p>They can actually generate value and create opportunities. Our dedicated risk and compliance consulting team assists clients in transforming uncertainty into advantageous prospects. We work collaboratively with organizations to identify and leverage the potential within their risk and compliance functions, enabling them to thrive in an ever-changing business landscape.<\/p>","protected":false},"author":1,"featured_media":0,"parent":89,"menu_order":0,"comment_status":"closed","ping_status":"closed","template":"","meta":{"content-type":"","footnotes":""},"class_list":["post-1487","page","type-page","status-publish","hentry"],"yoast_head":"<!-- This site is optimized with the Yoast SEO Premium plugin v26.4 (Yoast SEO v26.9) - https:\/\/yoast.com\/product\/yoast-seo-premium-wordpress\/ -->\n<title>Asesoria - Firma Servicios Contables en Panam\u00e1<\/title>\n<meta name=\"description\" content=\"Risk management and compliance, when approached strategically, have the potential to go beyond mitigating threats and protecting a company&#039;s operations and reputation.  They can actually generate value and create opportunities. Our dedicated risk and compliance consulting team assists clients in transforming uncertainty into advantageous prospects. We work collaboratively with organizations to identify and leverage the potential within their risk and compliance functions, enabling them to thrive in an ever-changing business landscape.\" \/>\n<meta name=\"robots\" content=\"index, follow, max-snippet:-1, max-image-preview:large, max-video-preview:-1\" \/>\n<link rel=\"canonical\" href=\"https:\/\/eyshfinancial.com\/en\/services\/advisory-1\/\" \/>\n<meta property=\"og:locale\" content=\"en_US\" \/>\n<meta property=\"og:type\" content=\"article\" \/>\n<meta property=\"og:title\" content=\"Asesoria\" \/>\n<meta property=\"og:description\" content=\"Risk management and compliance, when approached strategically, have the potential to go beyond mitigating threats and protecting a company&#039;s operations and reputation.  They can actually generate value and create opportunities. Our dedicated risk and compliance consulting team assists clients in transforming uncertainty into advantageous prospects. We work collaboratively with organizations to identify and leverage the potential within their risk and compliance functions, enabling them to thrive in an ever-changing business landscape.\" \/>\n<meta property=\"og:url\" content=\"https:\/\/eyshfinancial.com\/en\/services\/advisory-1\/\" \/>\n<meta property=\"og:site_name\" content=\"EYSH Financial\" \/>\n<meta property=\"article:publisher\" content=\"https:\/\/www.facebook.com\/eyshfinancial\/\" \/>\n<meta property=\"article:modified_time\" content=\"2026-04-08T05:48:06+00:00\" \/>\n<meta property=\"og:image\" content=\"https:\/\/eyshfinancial.com\/wp-content\/uploads\/2025\/01\/EYSH-Logo-scaled.jpg\" \/>\n\t<meta property=\"og:image:width\" content=\"2560\" \/>\n\t<meta property=\"og:image:height\" content=\"1536\" \/>\n\t<meta property=\"og:image:type\" content=\"image\/jpeg\" \/>\n<meta name=\"twitter:card\" content=\"summary_large_image\" \/>\n<meta name=\"twitter:label1\" content=\"Est. reading time\" \/>\n\t<meta name=\"twitter:data1\" content=\"1 minute\" \/>\n<script type=\"application\/ld+json\" class=\"yoast-schema-graph\">{\"@context\":\"https:\/\/schema.org\",\"@graph\":[{\"@type\":\"WebPage\",\"@id\":\"https:\/\/eyshfinancial.com\/servicios\/asesoria\/\",\"url\":\"https:\/\/eyshfinancial.com\/servicios\/asesoria\/\",\"name\":\"Asesoria - Firma Servicios Contables en Panam\u00e1\",\"isPartOf\":{\"@id\":\"https:\/\/eyshfinancial.com\/#website\"},\"datePublished\":\"2023-06-27T10:50:38+00:00\",\"dateModified\":\"2026-04-08T05:48:06+00:00\",\"description\":\"Risk management and compliance, when approached strategically, have the potential to go beyond mitigating threats and protecting a company's operations and reputation. They can actually generate value and create opportunities. Our dedicated risk and compliance consulting team assists clients in transforming uncertainty into advantageous prospects. We work collaboratively with organizations to identify and leverage the potential within their risk and compliance functions, enabling them to thrive in an ever-changing business landscape.\",\"breadcrumb\":{\"@id\":\"https:\/\/eyshfinancial.com\/servicios\/asesoria\/#breadcrumb\"},\"inLanguage\":\"en-US\",\"potentialAction\":[{\"@type\":\"ReadAction\",\"target\":[\"https:\/\/eyshfinancial.com\/servicios\/asesoria\/\"]}]},{\"@type\":\"BreadcrumbList\",\"@id\":\"https:\/\/eyshfinancial.com\/servicios\/asesoria\/#breadcrumb\",\"itemListElement\":[{\"@type\":\"ListItem\",\"position\":1,\"name\":\"Portada\",\"item\":\"https:\/\/eyshfinancial.com\/\"},{\"@type\":\"ListItem\",\"position\":2,\"name\":\"Servicios\",\"item\":\"https:\/\/eyshfinancial.com\/servicios\/\"},{\"@type\":\"ListItem\",\"position\":3,\"name\":\"Asesoria\"}]},{\"@type\":\"WebSite\",\"@id\":\"https:\/\/eyshfinancial.com\/#website\",\"url\":\"https:\/\/eyshfinancial.com\/\",\"name\":\"EYSH Financial\",\"description\":\"Firma Servicios Contables en Panam\u00e1\",\"publisher\":{\"@id\":\"https:\/\/eyshfinancial.com\/#organization\"},\"potentialAction\":[{\"@type\":\"SearchAction\",\"target\":{\"@type\":\"EntryPoint\",\"urlTemplate\":\"https:\/\/eyshfinancial.com\/?s={search_term_string}\"},\"query-input\":{\"@type\":\"PropertyValueSpecification\",\"valueRequired\":true,\"valueName\":\"search_term_string\"}}],\"inLanguage\":\"en-US\"},{\"@type\":\"Organization\",\"@id\":\"https:\/\/eyshfinancial.com\/#organization\",\"name\":\"EYSH Financial\",\"url\":\"https:\/\/eyshfinancial.com\/\",\"logo\":{\"@type\":\"ImageObject\",\"inLanguage\":\"en-US\",\"@id\":\"https:\/\/eyshfinancial.com\/#\/schema\/logo\/image\/\",\"url\":\"https:\/\/eyshfinancial.com\/wp-content\/uploads\/2025\/01\/cropped-EYSH-Logo-scaled-1.jpg\",\"contentUrl\":\"https:\/\/eyshfinancial.com\/wp-content\/uploads\/2025\/01\/cropped-EYSH-Logo-scaled-1.jpg\",\"width\":512,\"height\":512,\"caption\":\"EYSH Financial\"},\"image\":{\"@id\":\"https:\/\/eyshfinancial.com\/#\/schema\/logo\/image\/\"},\"sameAs\":[\"https:\/\/www.facebook.com\/eyshfinancial\/\",\"https:\/\/www.instagram.com\/eyshfinancial\/\",\"https:\/\/www.linkedin.com\/company\/eysh-financial\/\"]}]}<\/script>\n<!-- \/ Yoast SEO Premium plugin. -->","yoast_head_json":{"title":"Asesoria - Firma Servicios Contables en Panam\u00e1","description":"Risk management and compliance, when approached strategically, have the potential to go beyond mitigating threats and protecting a company's operations and reputation.  They can actually generate value and create opportunities. Our dedicated risk and compliance consulting team assists clients in transforming uncertainty into advantageous prospects. We work collaboratively with organizations to identify and leverage the potential within their risk and compliance functions, enabling them to thrive in an ever-changing business landscape.","robots":{"index":"index","follow":"follow","max-snippet":"max-snippet:-1","max-image-preview":"max-image-preview:large","max-video-preview":"max-video-preview:-1"},"canonical":"https:\/\/eyshfinancial.com\/en\/services\/advisory-1\/","og_locale":"en_US","og_type":"article","og_title":"Asesoria","og_description":"Risk management and compliance, when approached strategically, have the potential to go beyond mitigating threats and protecting a company's operations and reputation.  They can actually generate value and create opportunities. Our dedicated risk and compliance consulting team assists clients in transforming uncertainty into advantageous prospects. We work collaboratively with organizations to identify and leverage the potential within their risk and compliance functions, enabling them to thrive in an ever-changing business landscape.","og_url":"https:\/\/eyshfinancial.com\/en\/services\/advisory-1\/","og_site_name":"EYSH Financial","article_publisher":"https:\/\/www.facebook.com\/eyshfinancial\/","article_modified_time":"2026-04-08T05:48:06+00:00","og_image":[{"width":2560,"height":1536,"url":"https:\/\/eyshfinancial.com\/wp-content\/uploads\/2025\/01\/EYSH-Logo-scaled.jpg","type":"image\/jpeg"}],"twitter_card":"summary_large_image","twitter_misc":{"Est. reading time":"1 minute"},"schema":{"@context":"https:\/\/schema.org","@graph":[{"@type":"WebPage","@id":"https:\/\/eyshfinancial.com\/servicios\/asesoria\/","url":"https:\/\/eyshfinancial.com\/servicios\/asesoria\/","name":"Asesoria - Firma Servicios Contables en Panam\u00e1","isPartOf":{"@id":"https:\/\/eyshfinancial.com\/#website"},"datePublished":"2023-06-27T10:50:38+00:00","dateModified":"2026-04-08T05:48:06+00:00","description":"Risk management and compliance, when approached strategically, have the potential to go beyond mitigating threats and protecting a company's operations and reputation. They can actually generate value and create opportunities. Our dedicated risk and compliance consulting team assists clients in transforming uncertainty into advantageous prospects. We work collaboratively with organizations to identify and leverage the potential within their risk and compliance functions, enabling them to thrive in an ever-changing business landscape.","breadcrumb":{"@id":"https:\/\/eyshfinancial.com\/servicios\/asesoria\/#breadcrumb"},"inLanguage":"en-US","potentialAction":[{"@type":"ReadAction","target":["https:\/\/eyshfinancial.com\/servicios\/asesoria\/"]}]},{"@type":"BreadcrumbList","@id":"https:\/\/eyshfinancial.com\/servicios\/asesoria\/#breadcrumb","itemListElement":[{"@type":"ListItem","position":1,"name":"Portada","item":"https:\/\/eyshfinancial.com\/"},{"@type":"ListItem","position":2,"name":"Servicios","item":"https:\/\/eyshfinancial.com\/servicios\/"},{"@type":"ListItem","position":3,"name":"Asesoria"}]},{"@type":"WebSite","@id":"https:\/\/eyshfinancial.com\/#website","url":"https:\/\/eyshfinancial.com\/","name":"EYSH Financial","description":"Firma Servicios Contables en Panam\u00e1","publisher":{"@id":"https:\/\/eyshfinancial.com\/#organization"},"potentialAction":[{"@type":"SearchAction","target":{"@type":"EntryPoint","urlTemplate":"https:\/\/eyshfinancial.com\/?s={search_term_string}"},"query-input":{"@type":"PropertyValueSpecification","valueRequired":true,"valueName":"search_term_string"}}],"inLanguage":"en-US"},{"@type":"Organization","@id":"https:\/\/eyshfinancial.com\/#organization","name":"EYSH Financial","url":"https:\/\/eyshfinancial.com\/","logo":{"@type":"ImageObject","inLanguage":"en-US","@id":"https:\/\/eyshfinancial.com\/#\/schema\/logo\/image\/","url":"https:\/\/eyshfinancial.com\/wp-content\/uploads\/2025\/01\/cropped-EYSH-Logo-scaled-1.jpg","contentUrl":"https:\/\/eyshfinancial.com\/wp-content\/uploads\/2025\/01\/cropped-EYSH-Logo-scaled-1.jpg","width":512,"height":512,"caption":"EYSH Financial"},"image":{"@id":"https:\/\/eyshfinancial.com\/#\/schema\/logo\/image\/"},"sameAs":["https:\/\/www.facebook.com\/eyshfinancial\/","https:\/\/www.instagram.com\/eyshfinancial\/","https:\/\/www.linkedin.com\/company\/eysh-financial\/"]}]}},"_links":{"self":[{"href":"https:\/\/eyshfinancial.com\/en\/wp-json\/wp\/v2\/pages\/1487","targetHints":{"allow":["GET"]}}],"collection":[{"href":"https:\/\/eyshfinancial.com\/en\/wp-json\/wp\/v2\/pages"}],"about":[{"href":"https:\/\/eyshfinancial.com\/en\/wp-json\/wp\/v2\/types\/page"}],"author":[{"embeddable":true,"href":"https:\/\/eyshfinancial.com\/en\/wp-json\/wp\/v2\/users\/1"}],"replies":[{"embeddable":true,"href":"https:\/\/eyshfinancial.com\/en\/wp-json\/wp\/v2\/comments?post=1487"}],"version-history":[{"count":1,"href":"https:\/\/eyshfinancial.com\/en\/wp-json\/wp\/v2\/pages\/1487\/revisions"}],"predecessor-version":[{"id":988921,"href":"https:\/\/eyshfinancial.com\/en\/wp-json\/wp\/v2\/pages\/1487\/revisions\/988921"}],"up":[{"embeddable":true,"href":"https:\/\/eyshfinancial.com\/en\/wp-json\/wp\/v2\/pages\/89"}],"wp:attachment":[{"href":"https:\/\/eyshfinancial.com\/en\/wp-json\/wp\/v2\/media?parent=1487"}],"curies":[{"name":"wp","href":"https:\/\/api.w.org\/{rel}","templated":true}]}}