{"id":333,"date":"2023-06-21T11:00:33","date_gmt":"2023-06-21T11:00:33","guid":{"rendered":"https:\/\/beratung.vamtam.com\/?page_id=333"},"modified":"2025-01-28T21:08:37","modified_gmt":"2025-01-28T21:08:37","slug":"automation","status":"publish","type":"page","link":"https:\/\/eyshfinancial.com\/en\/services\/automation\/","title":{"rendered":"Automation"},"content":{"rendered":"\t\t<div data-elementor-type=\"wp-page\" data-elementor-id=\"333\" class=\"elementor elementor-333\" data-elementor-post-type=\"page\">\n\t\t\t\t\t\t<section class=\"elementor-section elementor-top-section elementor-element elementor-element-24160a9f elementor-section-boxed elementor-section-height-default elementor-section-height-default\" data-id=\"24160a9f\" data-element_type=\"section\" data-e-type=\"section\">\n\t\t\t\t\t\t\t<div class=\"elementor-background-overlay\"><\/div>\n\t\t\t\t\t\t\t<div class=\"elementor-container elementor-column-gap-no\">\n\t\t\t\t\t<div class=\"elementor-column elementor-col-33 elementor-top-column elementor-element elementor-element-25de649c\" data-id=\"25de649c\" data-element_type=\"column\" data-e-type=\"column\">\n\t\t\t<div class=\"elementor-widget-wrap elementor-element-populated\">\n\t\t\t\t\t\t<div class=\"elementor-element elementor-element-1786b032 elementor-widget elementor-widget-text-editor\" data-id=\"1786b032\" data-element_type=\"widget\" data-e-type=\"widget\" data-widget_type=\"text-editor.default\">\n\t\t\t\t<div class=\"elementor-widget-container\">\n\t\t\t\t\t\t\t\t\t<p>La automatizaci\u00f3n contable es una herramienta poderosa que transforma la manera en que las empresas gestionan sus finanzas. Al implementar tecnolog\u00edas avanzadas, como software de contabilidad y sistemas de gesti\u00f3n financiera, las empresas pueden automatizar tareas rutinarias y repetitivas, como la entrada de datos, la conciliaci\u00f3n bancaria y la generaci\u00f3n de informes financieros. Esto no solo reduce significativamente el riesgo de errores humanos, sino que tambi\u00e9n libera tiempo valioso para que el personal contable se concentre en actividades estrat\u00e9gicas y de mayor valor a\u00f1adido.<\/p><p>Adem\u00e1s, la automatizaci\u00f3n contable permite una mayor precisi\u00f3n y eficiencia en la gesti\u00f3n financiera. Con acceso a datos en tiempo real y an\u00e1lisis avanzados, las empresas pueden tomar decisiones informadas y oportunas, mejorando su capacidad para responder a cambios en el mercado y optimizar sus operaciones. La implementaci\u00f3n de soluciones de automatizaci\u00f3n contable tambi\u00e9n facilita el cumplimiento normativo, asegurando que todas las transacciones y registros cumplan con las regulaciones vigentes. En resumen, la automatizaci\u00f3n contable no solo mejora la eficiencia operativa, sino que tambi\u00e9n proporciona una base s\u00f3lida para el crecimiento y la sostenibilidad a largo plazo de la empresa.<\/p>\t\t\t\t\t\t\t\t<\/div>\n\t\t\t\t<\/div>\n\t\t\t\t<div class=\"elementor-element elementor-element-737023e elementor-widget elementor-widget-spacer\" data-id=\"737023e\" data-element_type=\"widget\" data-e-type=\"widget\" data-widget_type=\"spacer.default\">\n\t\t\t\t<div class=\"elementor-widget-container\">\n\t\t\t\t\t\t\t<div class=\"elementor-spacer\">\n\t\t\t<div class=\"elementor-spacer-inner\"><\/div>\n\t\t<\/div>\n\t\t\t\t\t\t<\/div>\n\t\t\t\t<\/div>\n\t\t\t\t<div class=\"elementor-element elementor-element-467b66f elementor-widget elementor-widget-text-editor\" data-id=\"467b66f\" data-element_type=\"widget\" data-e-type=\"widget\" data-widget_type=\"text-editor.default\">\n\t\t\t\t<div class=\"elementor-widget-container\">\n\t\t\t\t\t\t\t\t\t<p><span style=\"font-style: normal; font-variant-ligatures: normal; font-variant-caps: normal; font-weight: bold; font-size: 14px; font-family: Helvetica, sans-serif; color: #5c614d;\">Sistemas:<br \/><\/span><br style=\"color: #5c614d; font-size: 14px;\" \/><span style=\"color: #5c614d; font-family: Helvetica, sans-serif; font-size: 14px; font-style: normal; font-variant-ligatures: normal; font-variant-caps: normal; font-weight: 400;\">&#8211; QuickBooks Online<\/span><br style=\"color: #5c614d; font-size: 14px;\" \/><span style=\"color: #5c614d; font-family: Helvetica, sans-serif; font-size: 14px; font-style: normal; font-variant-ligatures: normal; font-variant-caps: normal; font-weight: 400;\">&#8211; QuickBooks Desktop<\/span><br style=\"color: #5c614d; font-size: 14px;\" \/><span style=\"color: #5c614d; font-family: Helvetica, sans-serif; font-size: 14px; font-style: normal; font-variant-ligatures: normal; font-variant-caps: normal; font-weight: 400;\">&#8211; Zoho Books<\/span><br style=\"color: #5c614d; font-size: 14px;\" \/><span style=\"color: #5c614d; font-family: Helvetica, sans-serif; font-size: 14px; font-style: normal; font-variant-ligatures: normal; font-variant-caps: normal; font-weight: 400;\">&#8211; Shopify<\/span><br style=\"color: #5c614d; font-size: 14px;\" \/><span style=\"color: #5c614d; font-family: Helvetica, sans-serif; font-size: 14px; font-style: normal; font-variant-ligatures: normal; font-variant-caps: normal; font-weight: 400;\">&#8211; Sage 50<\/span><br style=\"color: #5c614d; font-size: 14px;\" \/><span style=\"color: #5c614d; font-family: Helvetica, sans-serif; font-size: 14px; font-style: normal; font-variant-ligatures: normal; font-variant-caps: normal; font-weight: 400;\">&#8211; Sage 100<\/span><br style=\"color: #5c614d; font-size: 14px;\" \/><span style=\"color: #5c614d; font-family: Helvetica, sans-serif; font-size: 14px; font-style: normal; font-variant-ligatures: normal; font-variant-caps: normal; font-weight: 400;\">&#8211; Peachtree Desktop<\/span><br style=\"color: #5c614d; font-size: 14px;\" \/><span style=\"color: #5c614d; font-family: Helvetica, sans-serif; font-size: 14px; font-style: normal; font-variant-ligatures: normal; font-variant-caps: normal; font-weight: 400;\">&#8211; SAP Business One<\/span><br style=\"color: #5c614d; font-size: 14px;\" \/><span style=\"color: #5c614d; font-family: Helvetica, sans-serif; font-size: 14px; font-style: normal; font-variant-ligatures: normal; font-variant-caps: normal; font-weight: 400;\">&#8211; SWITCH<\/span><br style=\"color: #5c614d; font-size: 14px;\" \/><span style=\"color: #5c614d; font-family: Helvetica, sans-serif; font-size: 14px; font-style: normal; font-variant-ligatures: normal; font-variant-caps: normal; font-weight: 400;\">&#8211; Interfuerza<\/span><br style=\"color: #5c614d; font-size: 14px;\" \/><span style=\"color: #5c614d; font-family: Helvetica, sans-serif; font-size: 14px; font-style: normal; font-variant-ligatures: normal; font-variant-caps: normal; font-weight: 400;\">&#8211; Allegra<\/span><br style=\"color: #5c614d; font-size: 14px;\" \/><span style=\"color: #5c614d; font-family: Helvetica, sans-serif; font-size: 14px; font-style: normal; font-variant-ligatures: normal; font-variant-caps: normal; font-weight: 400;\">&#8211; Tiempo Exacto<\/span><br style=\"color: #5c614d; font-size: 14px;\" \/><span style=\"color: #5c614d; font-family: Helvetica, sans-serif; font-size: 14px; font-style: normal; font-variant-ligatures: normal; font-variant-caps: normal; font-weight: 400;\">&#8211; HubSpot<\/span><br style=\"color: #5c614d; font-size: 14px;\" \/><span style=\"color: #5c614d; font-family: Helvetica, sans-serif; font-size: 14px; font-style: normal; font-variant-ligatures: normal; font-variant-caps: normal; font-weight: 400;\">&#8211; Invu POS<\/span><\/p>\t\t\t\t\t\t\t\t<\/div>\n\t\t\t\t<\/div>\n\t\t\t\t\t<\/div>\n\t\t<\/div>\n\t\t\t\t<div class=\"elementor-column elementor-col-33 elementor-top-column elementor-element elementor-element-13e626d\" data-id=\"13e626d\" data-element_type=\"column\" data-e-type=\"column\">\n\t\t\t<div class=\"elementor-widget-wrap\">\n\t\t\t\t\t\t\t<\/div>\n\t\t<\/div>\n\t\t\t\t<div class=\"elementor-column elementor-col-33 elementor-top-column elementor-element elementor-element-fabe26c\" data-id=\"fabe26c\" data-element_type=\"column\" data-e-type=\"column\">\n\t\t\t<div class=\"elementor-widget-wrap elementor-element-populated\">\n\t\t\t\t\t\t<div class=\"elementor-element elementor-element-7f66adb elementor-widget elementor-widget-spacer\" data-id=\"7f66adb\" data-element_type=\"widget\" data-e-type=\"widget\" data-widget_type=\"spacer.default\">\n\t\t\t\t<div class=\"elementor-widget-container\">\n\t\t\t\t\t\t\t<div class=\"elementor-spacer\">\n\t\t\t<div class=\"elementor-spacer-inner\"><\/div>\n\t\t<\/div>\n\t\t\t\t\t\t<\/div>\n\t\t\t\t<\/div>\n\t\t\t\t<div class=\"elementor-element elementor-element-0a85980 elementor-widget elementor-widget-spacer\" data-id=\"0a85980\" data-element_type=\"widget\" data-e-type=\"widget\" data-widget_type=\"spacer.default\">\n\t\t\t\t<div class=\"elementor-widget-container\">\n\t\t\t\t\t\t\t<div class=\"elementor-spacer\">\n\t\t\t<div class=\"elementor-spacer-inner\"><\/div>\n\t\t<\/div>\n\t\t\t\t\t\t<\/div>\n\t\t\t\t<\/div>\n\t\t\t\t<div class=\"elementor-element elementor-element-4af1c241 elementor-widget elementor-widget-heading\" data-id=\"4af1c241\" data-element_type=\"widget\" data-e-type=\"widget\" data-widget_type=\"heading.default\">\n\t\t\t\t<div class=\"elementor-widget-container\">\n\t\t\t\t\t<h2 class=\"elementor-heading-title elementor-size-default\">Ayudamos a automatizar los procesos mas simples, porque creemos que el tiempo es dinero<\/h2>\t\t\t\t<\/div>\n\t\t\t\t<\/div>\n\t\t\t\t<div class=\"vamtam-has-theme-widget-styles elementor-element elementor-element-75daa91e vamtam-has-underline-anim elementor-widget elementor-widget-button\" data-id=\"75daa91e\" data-element_type=\"widget\" data-e-type=\"widget\" data-widget_type=\"button.default\">\n\t\t\t\t<div class=\"elementor-widget-container\">\n\t\t\t\t\t\t\t\t\t<div class=\"elementor-button-wrapper\">\n\t\t\t\t\t<a class=\"elementor-button elementor-button-link elementor-size-sm\" href=\"https:\/\/eyshfinancial.com\/en\/contact\/\">\n\t\t\t\t\t\t<span class=\"elementor-button-content-wrapper\">\n\t\t\t\t\t\t\t\t\t<span class=\"elementor-button-text\">Obten Una Consulta<\/span>\n\t\t\t\t\t<\/span>\n\t\t\t\t\t<\/a>\n\t\t\t\t<\/div>\n\t\t\t\t\t\t\t\t<\/div>\n\t\t\t\t<\/div>\n\t\t\t\t\t<\/div>\n\t\t<\/div>\n\t\t\t\t\t<\/div>\n\t\t<\/section>\n\t\t\t\t<section class=\"elementor-section elementor-top-section elementor-element elementor-element-e521bec elementor-section-height-min-height elementor-section-items-stretch elementor-section-content-middle elementor-section-boxed elementor-section-height-default\" data-id=\"e521bec\" data-element_type=\"section\" data-e-type=\"section\" data-settings=\"{&quot;background_background&quot;:&quot;classic&quot;,&quot;background_motion_fx_translateY_effect&quot;:&quot;yes&quot;,&quot;background_motion_fx_translateY_speed&quot;:{&quot;unit&quot;:&quot;px&quot;,&quot;size&quot;:4.8,&quot;sizes&quot;:[]},&quot;background_motion_fx_devices&quot;:[&quot;desktop&quot;],&quot;background_motion_fx_motion_fx_scrolling&quot;:&quot;yes&quot;,&quot;background_motion_fx_translateY_affectedRange&quot;:{&quot;unit&quot;:&quot;%&quot;,&quot;size&quot;:&quot;&quot;,&quot;sizes&quot;:{&quot;start&quot;:10,&quot;end&quot;:85}}}\">\n\t\t\t\t\t\t\t<div class=\"elementor-background-overlay\"><\/div>\n\t\t\t\t\t\t\t<div class=\"elementor-container elementor-column-gap-no\">\n\t\t\t\t\t<div class=\"elementor-column elementor-col-100 elementor-top-column elementor-element elementor-element-9fa4f22\" data-id=\"9fa4f22\" data-element_type=\"column\" data-e-type=\"column\" data-settings=\"{&quot;background_background&quot;:&quot;classic&quot;}\">\n\t\t\t<div class=\"elementor-widget-wrap\">\n\t\t\t\t\t\t\t<\/div>\n\t\t<\/div>\n\t\t\t\t\t<\/div>\n\t\t<\/section>\n\t\t\t\t<\/div>\n\t\t","protected":false},"excerpt":{"rendered":"<p>Risk management and compliance, when approached strategically, have the potential to go beyond mitigating threats and protecting a company&#8217;s operations and reputation. <\/p>\n<p>They can actually generate value and create opportunities. Our dedicated risk and compliance consulting team assists clients in transforming uncertainty into advantageous prospects. We work collaboratively with organizations to identify and leverage the potential within their risk and compliance functions, enabling them to thrive in an ever-changing business landscape.<\/p>","protected":false},"author":1,"featured_media":0,"parent":89,"menu_order":0,"comment_status":"closed","ping_status":"closed","template":"","meta":{"content-type":"","footnotes":""},"class_list":["post-333","page","type-page","status-publish","hentry"],"yoast_head":"<!-- This site is optimized with the Yoast SEO Premium plugin v26.4 (Yoast SEO v26.9) - https:\/\/yoast.com\/product\/yoast-seo-premium-wordpress\/ -->\n<title>Automatizaci\u00f3n - Firma Servicios Contables en Panam\u00e1<\/title>\n<meta name=\"description\" content=\"Risk management and compliance, when approached strategically, have the potential to go beyond mitigating threats and protecting a company&#039;s operations and reputation.  They can actually generate value and create opportunities. Our dedicated risk and compliance consulting team assists clients in transforming uncertainty into advantageous prospects. We work collaboratively with organizations to identify and leverage the potential within their risk and compliance functions, enabling them to thrive in an ever-changing business landscape.\" \/>\n<meta name=\"robots\" content=\"index, follow, max-snippet:-1, max-image-preview:large, max-video-preview:-1\" \/>\n<link rel=\"canonical\" href=\"https:\/\/eyshfinancial.com\/en\/services\/automation\/\" \/>\n<meta property=\"og:locale\" content=\"en_US\" \/>\n<meta property=\"og:type\" content=\"article\" \/>\n<meta property=\"og:title\" content=\"Automatizaci\u00f3n\" \/>\n<meta property=\"og:description\" content=\"Risk management and compliance, when approached strategically, have the potential to go beyond mitigating threats and protecting a company&#039;s operations and reputation.  They can actually generate value and create opportunities. Our dedicated risk and compliance consulting team assists clients in transforming uncertainty into advantageous prospects. We work collaboratively with organizations to identify and leverage the potential within their risk and compliance functions, enabling them to thrive in an ever-changing business landscape.\" \/>\n<meta property=\"og:url\" content=\"https:\/\/eyshfinancial.com\/en\/services\/automation\/\" \/>\n<meta property=\"og:site_name\" content=\"EYSH Financial\" \/>\n<meta property=\"article:publisher\" content=\"https:\/\/www.facebook.com\/eyshfinancial\/\" \/>\n<meta property=\"article:modified_time\" content=\"2025-01-28T21:08:37+00:00\" \/>\n<meta property=\"og:image\" content=\"https:\/\/eyshfinancial.com\/wp-content\/uploads\/2025\/01\/EYSH-Logo-scaled.jpg\" \/>\n\t<meta property=\"og:image:width\" content=\"2560\" \/>\n\t<meta property=\"og:image:height\" content=\"1536\" \/>\n\t<meta property=\"og:image:type\" content=\"image\/jpeg\" \/>\n<meta name=\"twitter:card\" content=\"summary_large_image\" \/>\n<meta name=\"twitter:label1\" content=\"Est. reading time\" \/>\n\t<meta name=\"twitter:data1\" content=\"2 minutes\" \/>\n<script type=\"application\/ld+json\" class=\"yoast-schema-graph\">{\"@context\":\"https:\/\/schema.org\",\"@graph\":[{\"@type\":\"WebPage\",\"@id\":\"https:\/\/eyshfinancial.com\/servicios\/automatizacion\/\",\"url\":\"https:\/\/eyshfinancial.com\/servicios\/automatizacion\/\",\"name\":\"Automatizaci\u00f3n - Firma Servicios Contables en Panam\u00e1\",\"isPartOf\":{\"@id\":\"https:\/\/eyshfinancial.com\/#website\"},\"datePublished\":\"2023-06-21T11:00:33+00:00\",\"dateModified\":\"2025-01-28T21:08:37+00:00\",\"description\":\"Risk management and compliance, when approached strategically, have the potential to go beyond mitigating threats and protecting a company's operations and reputation. They can actually generate value and create opportunities. Our dedicated risk and compliance consulting team assists clients in transforming uncertainty into advantageous prospects. We work collaboratively with organizations to identify and leverage the potential within their risk and compliance functions, enabling them to thrive in an ever-changing business landscape.\",\"breadcrumb\":{\"@id\":\"https:\/\/eyshfinancial.com\/servicios\/automatizacion\/#breadcrumb\"},\"inLanguage\":\"en-US\",\"potentialAction\":[{\"@type\":\"ReadAction\",\"target\":[\"https:\/\/eyshfinancial.com\/servicios\/automatizacion\/\"]}]},{\"@type\":\"BreadcrumbList\",\"@id\":\"https:\/\/eyshfinancial.com\/servicios\/automatizacion\/#breadcrumb\",\"itemListElement\":[{\"@type\":\"ListItem\",\"position\":1,\"name\":\"Portada\",\"item\":\"https:\/\/eyshfinancial.com\/\"},{\"@type\":\"ListItem\",\"position\":2,\"name\":\"Servicios\",\"item\":\"https:\/\/eyshfinancial.com\/servicios\/\"},{\"@type\":\"ListItem\",\"position\":3,\"name\":\"Automatizaci\u00f3n\"}]},{\"@type\":\"WebSite\",\"@id\":\"https:\/\/eyshfinancial.com\/#website\",\"url\":\"https:\/\/eyshfinancial.com\/\",\"name\":\"EYSH Financial\",\"description\":\"Firma Servicios Contables en Panam\u00e1\",\"publisher\":{\"@id\":\"https:\/\/eyshfinancial.com\/#organization\"},\"potentialAction\":[{\"@type\":\"SearchAction\",\"target\":{\"@type\":\"EntryPoint\",\"urlTemplate\":\"https:\/\/eyshfinancial.com\/?s={search_term_string}\"},\"query-input\":{\"@type\":\"PropertyValueSpecification\",\"valueRequired\":true,\"valueName\":\"search_term_string\"}}],\"inLanguage\":\"en-US\"},{\"@type\":\"Organization\",\"@id\":\"https:\/\/eyshfinancial.com\/#organization\",\"name\":\"EYSH Financial\",\"url\":\"https:\/\/eyshfinancial.com\/\",\"logo\":{\"@type\":\"ImageObject\",\"inLanguage\":\"en-US\",\"@id\":\"https:\/\/eyshfinancial.com\/#\/schema\/logo\/image\/\",\"url\":\"https:\/\/eyshfinancial.com\/wp-content\/uploads\/2025\/01\/cropped-EYSH-Logo-scaled-1.jpg\",\"contentUrl\":\"https:\/\/eyshfinancial.com\/wp-content\/uploads\/2025\/01\/cropped-EYSH-Logo-scaled-1.jpg\",\"width\":512,\"height\":512,\"caption\":\"EYSH Financial\"},\"image\":{\"@id\":\"https:\/\/eyshfinancial.com\/#\/schema\/logo\/image\/\"},\"sameAs\":[\"https:\/\/www.facebook.com\/eyshfinancial\/\",\"https:\/\/www.instagram.com\/eyshfinancial\/\",\"https:\/\/www.linkedin.com\/company\/eysh-financial\/\"]}]}<\/script>\n<!-- \/ Yoast SEO Premium plugin. -->","yoast_head_json":{"title":"Automatizaci\u00f3n - Firma Servicios Contables en Panam\u00e1","description":"Risk management and compliance, when approached strategically, have the potential to go beyond mitigating threats and protecting a company's operations and reputation.  They can actually generate value and create opportunities. Our dedicated risk and compliance consulting team assists clients in transforming uncertainty into advantageous prospects. We work collaboratively with organizations to identify and leverage the potential within their risk and compliance functions, enabling them to thrive in an ever-changing business landscape.","robots":{"index":"index","follow":"follow","max-snippet":"max-snippet:-1","max-image-preview":"max-image-preview:large","max-video-preview":"max-video-preview:-1"},"canonical":"https:\/\/eyshfinancial.com\/en\/services\/automation\/","og_locale":"en_US","og_type":"article","og_title":"Automatizaci\u00f3n","og_description":"Risk management and compliance, when approached strategically, have the potential to go beyond mitigating threats and protecting a company's operations and reputation.  They can actually generate value and create opportunities. Our dedicated risk and compliance consulting team assists clients in transforming uncertainty into advantageous prospects. We work collaboratively with organizations to identify and leverage the potential within their risk and compliance functions, enabling them to thrive in an ever-changing business landscape.","og_url":"https:\/\/eyshfinancial.com\/en\/services\/automation\/","og_site_name":"EYSH Financial","article_publisher":"https:\/\/www.facebook.com\/eyshfinancial\/","article_modified_time":"2025-01-28T21:08:37+00:00","og_image":[{"width":2560,"height":1536,"url":"https:\/\/eyshfinancial.com\/wp-content\/uploads\/2025\/01\/EYSH-Logo-scaled.jpg","type":"image\/jpeg"}],"twitter_card":"summary_large_image","twitter_misc":{"Est. reading time":"2 minutes"},"schema":{"@context":"https:\/\/schema.org","@graph":[{"@type":"WebPage","@id":"https:\/\/eyshfinancial.com\/servicios\/automatizacion\/","url":"https:\/\/eyshfinancial.com\/servicios\/automatizacion\/","name":"Automatizaci\u00f3n - Firma Servicios Contables en Panam\u00e1","isPartOf":{"@id":"https:\/\/eyshfinancial.com\/#website"},"datePublished":"2023-06-21T11:00:33+00:00","dateModified":"2025-01-28T21:08:37+00:00","description":"Risk management and compliance, when approached strategically, have the potential to go beyond mitigating threats and protecting a company's operations and reputation. They can actually generate value and create opportunities. Our dedicated risk and compliance consulting team assists clients in transforming uncertainty into advantageous prospects. We work collaboratively with organizations to identify and leverage the potential within their risk and compliance functions, enabling them to thrive in an ever-changing business landscape.","breadcrumb":{"@id":"https:\/\/eyshfinancial.com\/servicios\/automatizacion\/#breadcrumb"},"inLanguage":"en-US","potentialAction":[{"@type":"ReadAction","target":["https:\/\/eyshfinancial.com\/servicios\/automatizacion\/"]}]},{"@type":"BreadcrumbList","@id":"https:\/\/eyshfinancial.com\/servicios\/automatizacion\/#breadcrumb","itemListElement":[{"@type":"ListItem","position":1,"name":"Portada","item":"https:\/\/eyshfinancial.com\/"},{"@type":"ListItem","position":2,"name":"Servicios","item":"https:\/\/eyshfinancial.com\/servicios\/"},{"@type":"ListItem","position":3,"name":"Automatizaci\u00f3n"}]},{"@type":"WebSite","@id":"https:\/\/eyshfinancial.com\/#website","url":"https:\/\/eyshfinancial.com\/","name":"EYSH Financial","description":"Firma Servicios Contables en Panam\u00e1","publisher":{"@id":"https:\/\/eyshfinancial.com\/#organization"},"potentialAction":[{"@type":"SearchAction","target":{"@type":"EntryPoint","urlTemplate":"https:\/\/eyshfinancial.com\/?s={search_term_string}"},"query-input":{"@type":"PropertyValueSpecification","valueRequired":true,"valueName":"search_term_string"}}],"inLanguage":"en-US"},{"@type":"Organization","@id":"https:\/\/eyshfinancial.com\/#organization","name":"EYSH Financial","url":"https:\/\/eyshfinancial.com\/","logo":{"@type":"ImageObject","inLanguage":"en-US","@id":"https:\/\/eyshfinancial.com\/#\/schema\/logo\/image\/","url":"https:\/\/eyshfinancial.com\/wp-content\/uploads\/2025\/01\/cropped-EYSH-Logo-scaled-1.jpg","contentUrl":"https:\/\/eyshfinancial.com\/wp-content\/uploads\/2025\/01\/cropped-EYSH-Logo-scaled-1.jpg","width":512,"height":512,"caption":"EYSH Financial"},"image":{"@id":"https:\/\/eyshfinancial.com\/#\/schema\/logo\/image\/"},"sameAs":["https:\/\/www.facebook.com\/eyshfinancial\/","https:\/\/www.instagram.com\/eyshfinancial\/","https:\/\/www.linkedin.com\/company\/eysh-financial\/"]}]}},"_links":{"self":[{"href":"https:\/\/eyshfinancial.com\/en\/wp-json\/wp\/v2\/pages\/333","targetHints":{"allow":["GET"]}}],"collection":[{"href":"https:\/\/eyshfinancial.com\/en\/wp-json\/wp\/v2\/pages"}],"about":[{"href":"https:\/\/eyshfinancial.com\/en\/wp-json\/wp\/v2\/types\/page"}],"author":[{"embeddable":true,"href":"https:\/\/eyshfinancial.com\/en\/wp-json\/wp\/v2\/users\/1"}],"replies":[{"embeddable":true,"href":"https:\/\/eyshfinancial.com\/en\/wp-json\/wp\/v2\/comments?post=333"}],"version-history":[{"count":0,"href":"https:\/\/eyshfinancial.com\/en\/wp-json\/wp\/v2\/pages\/333\/revisions"}],"up":[{"embeddable":true,"href":"https:\/\/eyshfinancial.com\/en\/wp-json\/wp\/v2\/pages\/89"}],"wp:attachment":[{"href":"https:\/\/eyshfinancial.com\/en\/wp-json\/wp\/v2\/media?parent=333"}],"curies":[{"name":"wp","href":"https:\/\/api.w.org\/{rel}","templated":true}]}}