{"id":4208,"date":"2023-07-10T12:06:39","date_gmt":"2023-07-10T12:06:39","guid":{"rendered":"https:\/\/beratung.vamtam.com\/?page_id=4208"},"modified":"2025-01-26T03:26:53","modified_gmt":"2025-01-26T03:26:53","slug":"insurance","status":"publish","type":"page","link":"https:\/\/eyshfinancial.com\/en\/industries\/insurance\/","title":{"rendered":"Insurance"},"content":{"rendered":"\t\t<div data-elementor-type=\"wp-page\" data-elementor-id=\"4208\" class=\"elementor elementor-4208\" data-elementor-post-type=\"page\">\n\t\t\t\t\t\t<section class=\"elementor-section elementor-top-section elementor-element elementor-element-5ff3d889 elementor-section-boxed elementor-section-height-default elementor-section-height-default\" data-id=\"5ff3d889\" data-element_type=\"section\" data-e-type=\"section\">\n\t\t\t\t\t\t<div class=\"elementor-container elementor-column-gap-no\">\n\t\t\t\t\t<div class=\"elementor-column elementor-col-100 elementor-top-column elementor-element elementor-element-20d4ef88\" data-id=\"20d4ef88\" data-element_type=\"column\" data-e-type=\"column\">\n\t\t\t<div class=\"elementor-widget-wrap elementor-element-populated\">\n\t\t\t\t\t\t<div class=\"elementor-element elementor-element-b3819c4 elementor-widget elementor-widget-heading\" data-id=\"b3819c4\" data-element_type=\"widget\" data-e-type=\"widget\" data-widget_type=\"heading.default\">\n\t\t\t\t<div class=\"elementor-widget-container\">\n\t\t\t\t\t<h2 class=\"elementor-heading-title elementor-size-default\">Seguros<\/h2>\t\t\t\t<\/div>\n\t\t\t\t<\/div>\n\t\t\t\t\t<\/div>\n\t\t<\/div>\n\t\t\t\t\t<\/div>\n\t\t<\/section>\n\t\t\t\t<section class=\"elementor-section elementor-top-section elementor-element elementor-element-33269cee elementor-section-boxed elementor-section-height-default elementor-section-height-default\" data-id=\"33269cee\" data-element_type=\"section\" data-e-type=\"section\">\n\t\t\t\t\t\t<div class=\"elementor-container elementor-column-gap-no\">\n\t\t\t\t\t<div class=\"elementor-column elementor-col-100 elementor-top-column elementor-element elementor-element-6f41ba22\" data-id=\"6f41ba22\" data-element_type=\"column\" data-e-type=\"column\">\n\t\t\t<div class=\"elementor-widget-wrap elementor-element-populated\">\n\t\t\t\t\t\t<div class=\"elementor-element elementor-element-162fead2 elementor-widget elementor-widget-text-editor\" data-id=\"162fead2\" data-element_type=\"widget\" data-e-type=\"widget\" data-widget_type=\"text-editor.default\">\n\t\t\t\t<div class=\"elementor-widget-container\">\n\t\t\t\t\t\t\t\t\t<p><strong>En nuestra firma contable, nos dedicamos a ofrecer servicios financieros especializados para la industria de seguros.<\/strong>\u00a0Entendemos las particularidades y regulaciones que rigen este sector, por lo que brindamos soluciones contables a medida que incluyen la gesti\u00f3n de primas, siniestros y la planificaci\u00f3n fiscal. Nuestro objetivo es mejorar la eficiencia operativa y asegurar la estabilidad financiera de su empresa aseguradora.<\/p><p><strong>Nos comprometemos a ser su socio estrat\u00e9gico en un entorno regulatorio din\u00e1mico y en constante evoluci\u00f3n.<\/strong>\u00a0Con un equipo de profesionales altamente capacitados y un profundo conocimiento de las tendencias del mercado, proporcionamos asesoramiento proactivo y soporte continuo. Ya sea que est\u00e9 buscando optimizar sus procesos financieros, expandir su oferta de productos o garantizar el cumplimiento normativo, estamos aqu\u00ed para acompa\u00f1arlo en cada paso del camino.<\/p><p><strong>Nuestra experiencia y dedicaci\u00f3n nos permiten ofrecer un servicio excepcional que se adapta a las necesidades espec\u00edficas de cada cliente.<\/strong>\u00a0Trabajamos estrechamente con su equipo para identificar oportunidades de mejora y desarrollar estrategias que impulsen el crecimiento y la rentabilidad. Con nuestro apoyo, puede estar seguro de que su empresa est\u00e1 en manos de expertos comprometidos con su \u00e9xito.<\/p>\t\t\t\t\t\t\t\t<\/div>\n\t\t\t\t<\/div>\n\t\t\t\t\t<\/div>\n\t\t<\/div>\n\t\t\t\t\t<\/div>\n\t\t<\/section>\n\t\t\t\t<section class=\"elementor-section elementor-top-section elementor-element elementor-element-569d641c elementor-section-height-min-height elementor-section-items-stretch elementor-section-content-middle elementor-section-boxed elementor-section-height-default\" data-id=\"569d641c\" data-element_type=\"section\" data-e-type=\"section\" data-settings=\"{&quot;background_background&quot;:&quot;classic&quot;,&quot;background_motion_fx_translateY_effect&quot;:&quot;yes&quot;,&quot;background_motion_fx_translateY_speed&quot;:{&quot;unit&quot;:&quot;px&quot;,&quot;size&quot;:4.8,&quot;sizes&quot;:[]},&quot;background_motion_fx_devices&quot;:[&quot;desktop&quot;],&quot;background_motion_fx_motion_fx_scrolling&quot;:&quot;yes&quot;,&quot;background_motion_fx_translateY_affectedRange&quot;:{&quot;unit&quot;:&quot;%&quot;,&quot;size&quot;:&quot;&quot;,&quot;sizes&quot;:{&quot;start&quot;:10,&quot;end&quot;:85}}}\">\n\t\t\t\t\t\t\t<div class=\"elementor-background-overlay\"><\/div>\n\t\t\t\t\t\t\t<div class=\"elementor-container elementor-column-gap-no\">\n\t\t\t\t\t<div class=\"elementor-column elementor-col-100 elementor-top-column elementor-element elementor-element-46100aaf\" data-id=\"46100aaf\" data-element_type=\"column\" data-e-type=\"column\" data-settings=\"{&quot;background_background&quot;:&quot;classic&quot;}\">\n\t\t\t<div class=\"elementor-widget-wrap elementor-element-populated\">\n\t\t\t\t\t\t<div class=\"elementor-element elementor-element-3c2a39d7 elementor-widget__width-auto elementor-view-default elementor-invisible elementor-widget elementor-widget-icon\" data-id=\"3c2a39d7\" data-element_type=\"widget\" data-e-type=\"widget\" data-settings=\"{&quot;_animation&quot;:&quot;fadeInUp&quot;,&quot;_animation_tablet&quot;:&quot;none&quot;,&quot;_animation_delay&quot;:300}\" data-widget_type=\"icon.default\">\n\t\t\t\t<div class=\"elementor-widget-container\">\n\t\t\t\t\t\t\t<div class=\"elementor-icon-wrapper\">\n\t\t\t<div class=\"elementor-icon\">\n\t\t\t<i aria-hidden=\"true\" class=\"vamtamtheme- vamtam-theme-brand-symbol\"><\/i>\t\t\t<\/div>\n\t\t<\/div>\n\t\t\t\t\t\t<\/div>\n\t\t\t\t<\/div>\n\t\t\t\t\t<\/div>\n\t\t<\/div>\n\t\t\t\t\t<\/div>\n\t\t<\/section>\n\t\t\t\t<\/div>\n\t\t","protected":false},"excerpt":{"rendered":"<p>Our healthcare and life sciences consulting expertise helps clients navigate the complex healthcare industry. We understand the entire value chain, from doctors and patients to payers, drug developers, and manufacturers. With cross-disciplinary insights, we drive innovation, reduce costs, optimize digital technologies, and deliver sustained value. <\/p>\n<p>Our team\u2019s deep experience spans Pharmaceuticals, Medical Technology, Healthcare Payers, and Healthcare Providers and Services. Together, we can help you succeed in this rapidly changing market.<\/p>","protected":false},"author":1,"featured_media":0,"parent":1528,"menu_order":0,"comment_status":"closed","ping_status":"closed","template":"","meta":{"content-type":"","footnotes":""},"class_list":["post-4208","page","type-page","status-publish","hentry"],"yoast_head":"<!-- This site is optimized with the Yoast SEO Premium plugin v26.4 (Yoast SEO v26.9) - https:\/\/yoast.com\/product\/yoast-seo-premium-wordpress\/ -->\n<title>Seguros - Firma Servicios Contables en Panam\u00e1<\/title>\n<meta name=\"description\" content=\"Our healthcare and life sciences consulting expertise helps clients navigate the complex healthcare industry. We understand the entire value chain, from doctors and patients to payers, drug developers, and manufacturers. With cross-disciplinary insights, we drive innovation, reduce costs, optimize digital technologies, and deliver sustained value.  Our team\u2019s deep experience spans Pharmaceuticals, Medical Technology, Healthcare Payers, and Healthcare Providers and Services. Together, we can help you succeed in this rapidly changing market.\" \/>\n<meta name=\"robots\" content=\"index, follow, max-snippet:-1, max-image-preview:large, max-video-preview:-1\" \/>\n<link rel=\"canonical\" href=\"https:\/\/eyshfinancial.com\/en\/industries\/insurance\/\" \/>\n<meta property=\"og:locale\" content=\"en_US\" \/>\n<meta property=\"og:type\" content=\"article\" \/>\n<meta property=\"og:title\" content=\"Seguros\" \/>\n<meta property=\"og:description\" content=\"Our healthcare and life sciences consulting expertise helps clients navigate the complex healthcare industry. We understand the entire value chain, from doctors and patients to payers, drug developers, and manufacturers. With cross-disciplinary insights, we drive innovation, reduce costs, optimize digital technologies, and deliver sustained value.  Our team\u2019s deep experience spans Pharmaceuticals, Medical Technology, Healthcare Payers, and Healthcare Providers and Services. Together, we can help you succeed in this rapidly changing market.\" \/>\n<meta property=\"og:url\" content=\"https:\/\/eyshfinancial.com\/en\/industries\/insurance\/\" \/>\n<meta property=\"og:site_name\" content=\"EYSH Financial\" \/>\n<meta property=\"article:publisher\" content=\"https:\/\/www.facebook.com\/eyshfinancial\/\" \/>\n<meta property=\"article:modified_time\" content=\"2025-01-26T03:26:53+00:00\" \/>\n<meta property=\"og:image\" content=\"https:\/\/eyshfinancial.com\/wp-content\/uploads\/2025\/01\/EYSH-Logo-scaled.jpg\" \/>\n\t<meta property=\"og:image:width\" content=\"2560\" \/>\n\t<meta property=\"og:image:height\" content=\"1536\" \/>\n\t<meta property=\"og:image:type\" content=\"image\/jpeg\" \/>\n<meta name=\"twitter:card\" content=\"summary_large_image\" \/>\n<meta name=\"twitter:label1\" content=\"Est. reading time\" \/>\n\t<meta name=\"twitter:data1\" content=\"1 minute\" \/>\n<script type=\"application\/ld+json\" class=\"yoast-schema-graph\">{\"@context\":\"https:\/\/schema.org\",\"@graph\":[{\"@type\":\"WebPage\",\"@id\":\"https:\/\/eyshfinancial.com\/industrias\/seguros\/\",\"url\":\"https:\/\/eyshfinancial.com\/industrias\/seguros\/\",\"name\":\"Seguros - Firma Servicios Contables en Panam\u00e1\",\"isPartOf\":{\"@id\":\"https:\/\/eyshfinancial.com\/#website\"},\"datePublished\":\"2023-07-10T12:06:39+00:00\",\"dateModified\":\"2025-01-26T03:26:53+00:00\",\"description\":\"Our healthcare and life sciences consulting expertise helps clients navigate the complex healthcare industry. We understand the entire value chain, from doctors and patients to payers, drug developers, and manufacturers. With cross-disciplinary insights, we drive innovation, reduce costs, optimize digital technologies, and deliver sustained value. Our team\u2019s deep experience spans Pharmaceuticals, Medical Technology, Healthcare Payers, and Healthcare Providers and Services. Together, we can help you succeed in this rapidly changing market.\",\"breadcrumb\":{\"@id\":\"https:\/\/eyshfinancial.com\/industrias\/seguros\/#breadcrumb\"},\"inLanguage\":\"en-US\",\"potentialAction\":[{\"@type\":\"ReadAction\",\"target\":[\"https:\/\/eyshfinancial.com\/industrias\/seguros\/\"]}]},{\"@type\":\"BreadcrumbList\",\"@id\":\"https:\/\/eyshfinancial.com\/industrias\/seguros\/#breadcrumb\",\"itemListElement\":[{\"@type\":\"ListItem\",\"position\":1,\"name\":\"Portada\",\"item\":\"https:\/\/eyshfinancial.com\/\"},{\"@type\":\"ListItem\",\"position\":2,\"name\":\"Industrias\",\"item\":\"https:\/\/eyshfinancial.com\/industrias\/\"},{\"@type\":\"ListItem\",\"position\":3,\"name\":\"Seguros\"}]},{\"@type\":\"WebSite\",\"@id\":\"https:\/\/eyshfinancial.com\/#website\",\"url\":\"https:\/\/eyshfinancial.com\/\",\"name\":\"EYSH Financial\",\"description\":\"Firma Servicios Contables en Panam\u00e1\",\"publisher\":{\"@id\":\"https:\/\/eyshfinancial.com\/#organization\"},\"potentialAction\":[{\"@type\":\"SearchAction\",\"target\":{\"@type\":\"EntryPoint\",\"urlTemplate\":\"https:\/\/eyshfinancial.com\/?s={search_term_string}\"},\"query-input\":{\"@type\":\"PropertyValueSpecification\",\"valueRequired\":true,\"valueName\":\"search_term_string\"}}],\"inLanguage\":\"en-US\"},{\"@type\":\"Organization\",\"@id\":\"https:\/\/eyshfinancial.com\/#organization\",\"name\":\"EYSH Financial\",\"url\":\"https:\/\/eyshfinancial.com\/\",\"logo\":{\"@type\":\"ImageObject\",\"inLanguage\":\"en-US\",\"@id\":\"https:\/\/eyshfinancial.com\/#\/schema\/logo\/image\/\",\"url\":\"https:\/\/eyshfinancial.com\/wp-content\/uploads\/2025\/01\/cropped-EYSH-Logo-scaled-1.jpg\",\"contentUrl\":\"https:\/\/eyshfinancial.com\/wp-content\/uploads\/2025\/01\/cropped-EYSH-Logo-scaled-1.jpg\",\"width\":512,\"height\":512,\"caption\":\"EYSH Financial\"},\"image\":{\"@id\":\"https:\/\/eyshfinancial.com\/#\/schema\/logo\/image\/\"},\"sameAs\":[\"https:\/\/www.facebook.com\/eyshfinancial\/\",\"https:\/\/www.instagram.com\/eyshfinancial\/\",\"https:\/\/www.linkedin.com\/company\/eysh-financial\/\"]}]}<\/script>\n<!-- \/ Yoast SEO Premium plugin. -->","yoast_head_json":{"title":"Seguros - Firma Servicios Contables en Panam\u00e1","description":"Our healthcare and life sciences consulting expertise helps clients navigate the complex healthcare industry. We understand the entire value chain, from doctors and patients to payers, drug developers, and manufacturers. With cross-disciplinary insights, we drive innovation, reduce costs, optimize digital technologies, and deliver sustained value.  Our team\u2019s deep experience spans Pharmaceuticals, Medical Technology, Healthcare Payers, and Healthcare Providers and Services. Together, we can help you succeed in this rapidly changing market.","robots":{"index":"index","follow":"follow","max-snippet":"max-snippet:-1","max-image-preview":"max-image-preview:large","max-video-preview":"max-video-preview:-1"},"canonical":"https:\/\/eyshfinancial.com\/en\/industries\/insurance\/","og_locale":"en_US","og_type":"article","og_title":"Seguros","og_description":"Our healthcare and life sciences consulting expertise helps clients navigate the complex healthcare industry. We understand the entire value chain, from doctors and patients to payers, drug developers, and manufacturers. With cross-disciplinary insights, we drive innovation, reduce costs, optimize digital technologies, and deliver sustained value.  Our team\u2019s deep experience spans Pharmaceuticals, Medical Technology, Healthcare Payers, and Healthcare Providers and Services. Together, we can help you succeed in this rapidly changing market.","og_url":"https:\/\/eyshfinancial.com\/en\/industries\/insurance\/","og_site_name":"EYSH Financial","article_publisher":"https:\/\/www.facebook.com\/eyshfinancial\/","article_modified_time":"2025-01-26T03:26:53+00:00","og_image":[{"width":2560,"height":1536,"url":"https:\/\/eyshfinancial.com\/wp-content\/uploads\/2025\/01\/EYSH-Logo-scaled.jpg","type":"image\/jpeg"}],"twitter_card":"summary_large_image","twitter_misc":{"Est. reading time":"1 minute"},"schema":{"@context":"https:\/\/schema.org","@graph":[{"@type":"WebPage","@id":"https:\/\/eyshfinancial.com\/industrias\/seguros\/","url":"https:\/\/eyshfinancial.com\/industrias\/seguros\/","name":"Seguros - Firma Servicios Contables en Panam\u00e1","isPartOf":{"@id":"https:\/\/eyshfinancial.com\/#website"},"datePublished":"2023-07-10T12:06:39+00:00","dateModified":"2025-01-26T03:26:53+00:00","description":"Our healthcare and life sciences consulting expertise helps clients navigate the complex healthcare industry. We understand the entire value chain, from doctors and patients to payers, drug developers, and manufacturers. With cross-disciplinary insights, we drive innovation, reduce costs, optimize digital technologies, and deliver sustained value. Our team\u2019s deep experience spans Pharmaceuticals, Medical Technology, Healthcare Payers, and Healthcare Providers and Services. Together, we can help you succeed in this rapidly changing market.","breadcrumb":{"@id":"https:\/\/eyshfinancial.com\/industrias\/seguros\/#breadcrumb"},"inLanguage":"en-US","potentialAction":[{"@type":"ReadAction","target":["https:\/\/eyshfinancial.com\/industrias\/seguros\/"]}]},{"@type":"BreadcrumbList","@id":"https:\/\/eyshfinancial.com\/industrias\/seguros\/#breadcrumb","itemListElement":[{"@type":"ListItem","position":1,"name":"Portada","item":"https:\/\/eyshfinancial.com\/"},{"@type":"ListItem","position":2,"name":"Industrias","item":"https:\/\/eyshfinancial.com\/industrias\/"},{"@type":"ListItem","position":3,"name":"Seguros"}]},{"@type":"WebSite","@id":"https:\/\/eyshfinancial.com\/#website","url":"https:\/\/eyshfinancial.com\/","name":"EYSH Financial","description":"Firma Servicios Contables en Panam\u00e1","publisher":{"@id":"https:\/\/eyshfinancial.com\/#organization"},"potentialAction":[{"@type":"SearchAction","target":{"@type":"EntryPoint","urlTemplate":"https:\/\/eyshfinancial.com\/?s={search_term_string}"},"query-input":{"@type":"PropertyValueSpecification","valueRequired":true,"valueName":"search_term_string"}}],"inLanguage":"en-US"},{"@type":"Organization","@id":"https:\/\/eyshfinancial.com\/#organization","name":"EYSH Financial","url":"https:\/\/eyshfinancial.com\/","logo":{"@type":"ImageObject","inLanguage":"en-US","@id":"https:\/\/eyshfinancial.com\/#\/schema\/logo\/image\/","url":"https:\/\/eyshfinancial.com\/wp-content\/uploads\/2025\/01\/cropped-EYSH-Logo-scaled-1.jpg","contentUrl":"https:\/\/eyshfinancial.com\/wp-content\/uploads\/2025\/01\/cropped-EYSH-Logo-scaled-1.jpg","width":512,"height":512,"caption":"EYSH Financial"},"image":{"@id":"https:\/\/eyshfinancial.com\/#\/schema\/logo\/image\/"},"sameAs":["https:\/\/www.facebook.com\/eyshfinancial\/","https:\/\/www.instagram.com\/eyshfinancial\/","https:\/\/www.linkedin.com\/company\/eysh-financial\/"]}]}},"_links":{"self":[{"href":"https:\/\/eyshfinancial.com\/en\/wp-json\/wp\/v2\/pages\/4208","targetHints":{"allow":["GET"]}}],"collection":[{"href":"https:\/\/eyshfinancial.com\/en\/wp-json\/wp\/v2\/pages"}],"about":[{"href":"https:\/\/eyshfinancial.com\/en\/wp-json\/wp\/v2\/types\/page"}],"author":[{"embeddable":true,"href":"https:\/\/eyshfinancial.com\/en\/wp-json\/wp\/v2\/users\/1"}],"replies":[{"embeddable":true,"href":"https:\/\/eyshfinancial.com\/en\/wp-json\/wp\/v2\/comments?post=4208"}],"version-history":[{"count":0,"href":"https:\/\/eyshfinancial.com\/en\/wp-json\/wp\/v2\/pages\/4208\/revisions"}],"up":[{"embeddable":true,"href":"https:\/\/eyshfinancial.com\/en\/wp-json\/wp\/v2\/pages\/1528"}],"wp:attachment":[{"href":"https:\/\/eyshfinancial.com\/en\/wp-json\/wp\/v2\/media?parent=4208"}],"curies":[{"name":"wp","href":"https:\/\/api.w.org\/{rel}","templated":true}]}}