{"id":4214,"date":"2023-07-10T12:08:13","date_gmt":"2023-07-10T12:08:13","guid":{"rendered":"https:\/\/beratung.vamtam.com\/?page_id=4214"},"modified":"2025-01-26T03:30:27","modified_gmt":"2025-01-26T03:30:27","slug":"technology","status":"publish","type":"page","link":"https:\/\/eyshfinancial.com\/en\/industries\/technology\/","title":{"rendered":"Technology"},"content":{"rendered":"\t\t<div data-elementor-type=\"wp-page\" data-elementor-id=\"4214\" class=\"elementor elementor-4214\" data-elementor-post-type=\"page\">\n\t\t\t\t\t\t<section class=\"elementor-section elementor-top-section elementor-element elementor-element-4681dd6e elementor-section-boxed elementor-section-height-default elementor-section-height-default\" data-id=\"4681dd6e\" data-element_type=\"section\" data-e-type=\"section\">\n\t\t\t\t\t\t<div class=\"elementor-container elementor-column-gap-no\">\n\t\t\t\t\t<div class=\"elementor-column elementor-col-100 elementor-top-column elementor-element elementor-element-7625fa4d\" data-id=\"7625fa4d\" data-element_type=\"column\" data-e-type=\"column\">\n\t\t\t<div class=\"elementor-widget-wrap elementor-element-populated\">\n\t\t\t\t\t\t<div class=\"elementor-element elementor-element-a32949a elementor-widget elementor-widget-heading\" data-id=\"a32949a\" data-element_type=\"widget\" data-e-type=\"widget\" data-widget_type=\"heading.default\">\n\t\t\t\t<div class=\"elementor-widget-container\">\n\t\t\t\t\t<h2 class=\"elementor-heading-title elementor-size-default\">Tecnolog\u00eda<\/h2>\t\t\t\t<\/div>\n\t\t\t\t<\/div>\n\t\t\t\t\t<\/div>\n\t\t<\/div>\n\t\t\t\t\t<\/div>\n\t\t<\/section>\n\t\t\t\t<section class=\"elementor-section elementor-top-section elementor-element elementor-element-20631d80 elementor-section-boxed elementor-section-height-default elementor-section-height-default\" data-id=\"20631d80\" data-element_type=\"section\" data-e-type=\"section\">\n\t\t\t\t\t\t<div class=\"elementor-container elementor-column-gap-no\">\n\t\t\t\t\t<div class=\"elementor-column elementor-col-100 elementor-top-column elementor-element elementor-element-35615730\" data-id=\"35615730\" data-element_type=\"column\" data-e-type=\"column\">\n\t\t\t<div class=\"elementor-widget-wrap elementor-element-populated\">\n\t\t\t\t\t\t<div class=\"elementor-element elementor-element-12dba922 elementor-widget elementor-widget-text-editor\" data-id=\"12dba922\" data-element_type=\"widget\" data-e-type=\"widget\" data-widget_type=\"text-editor.default\">\n\t\t\t\t<div class=\"elementor-widget-container\">\n\t\t\t\t\t\t\t\t\t<p><strong>En nuestra firma contable, nos especializamos en ofrecer servicios financieros a la industria tecnol\u00f3gica, comprendiendo las r\u00e1pidas innovaciones y desaf\u00edos \u00fanicos de este sector.<\/strong>\u00a0Nuestro equipo de expertos proporciona soluciones contables personalizadas que abarcan desde la gesti\u00f3n de costos de desarrollo y la planificaci\u00f3n fiscal hasta el control de inventarios y la administraci\u00f3n de contratos. Nos enfocamos en optimizar la eficiencia operativa y mejorar la rentabilidad de su empresa tecnol\u00f3gica.<\/p><p><strong>Nos comprometemos a ser su socio estrat\u00e9gico en un entorno tecnol\u00f3gico en constante evoluci\u00f3n.<\/strong>\u00a0Con un equipo de profesionales altamente capacitados y un profundo conocimiento de las tendencias del mercado, brindamos asesoramiento proactivo y soporte continuo. Ya sea que est\u00e9 buscando optimizar sus procesos financieros, expandir su cartera de productos o garantizar el cumplimiento normativo, estamos aqu\u00ed para apoyarlo en cada paso del camino.<\/p><p><strong>Nuestra experiencia y dedicaci\u00f3n nos permiten ofrecer un servicio excepcional que se adapta a las necesidades espec\u00edficas de cada cliente.<\/strong>\u00a0Trabajamos estrechamente con su equipo para identificar oportunidades de mejora y desarrollar estrategias que impulsen el crecimiento y la rentabilidad. Con nuestro apoyo, puede estar seguro de que su empresa est\u00e1 en manos de expertos comprometidos con su \u00e9xito.<\/p>\t\t\t\t\t\t\t\t<\/div>\n\t\t\t\t<\/div>\n\t\t\t\t\t<\/div>\n\t\t<\/div>\n\t\t\t\t\t<\/div>\n\t\t<\/section>\n\t\t\t\t<section class=\"elementor-section elementor-top-section elementor-element elementor-element-e8c1f5d elementor-section-height-min-height elementor-section-items-stretch elementor-section-content-middle elementor-section-boxed elementor-section-height-default\" data-id=\"e8c1f5d\" data-element_type=\"section\" data-e-type=\"section\" data-settings=\"{&quot;background_background&quot;:&quot;classic&quot;,&quot;background_motion_fx_translateY_effect&quot;:&quot;yes&quot;,&quot;background_motion_fx_translateY_speed&quot;:{&quot;unit&quot;:&quot;px&quot;,&quot;size&quot;:4.8,&quot;sizes&quot;:[]},&quot;background_motion_fx_devices&quot;:[&quot;desktop&quot;],&quot;background_motion_fx_motion_fx_scrolling&quot;:&quot;yes&quot;,&quot;background_motion_fx_translateY_affectedRange&quot;:{&quot;unit&quot;:&quot;%&quot;,&quot;size&quot;:&quot;&quot;,&quot;sizes&quot;:{&quot;start&quot;:10,&quot;end&quot;:85}}}\">\n\t\t\t\t\t\t\t<div class=\"elementor-background-overlay\"><\/div>\n\t\t\t\t\t\t\t<div class=\"elementor-container elementor-column-gap-no\">\n\t\t\t\t\t<div class=\"elementor-column elementor-col-100 elementor-top-column elementor-element elementor-element-5f888a35\" data-id=\"5f888a35\" data-element_type=\"column\" data-e-type=\"column\" data-settings=\"{&quot;background_background&quot;:&quot;classic&quot;}\">\n\t\t\t<div class=\"elementor-widget-wrap elementor-element-populated\">\n\t\t\t\t\t\t<div class=\"elementor-element elementor-element-7509c62b elementor-widget__width-auto elementor-view-default elementor-invisible elementor-widget elementor-widget-icon\" data-id=\"7509c62b\" data-element_type=\"widget\" data-e-type=\"widget\" data-settings=\"{&quot;_animation&quot;:&quot;fadeInUp&quot;,&quot;_animation_tablet&quot;:&quot;none&quot;,&quot;_animation_delay&quot;:300}\" data-widget_type=\"icon.default\">\n\t\t\t\t<div class=\"elementor-widget-container\">\n\t\t\t\t\t\t\t<div class=\"elementor-icon-wrapper\">\n\t\t\t<div class=\"elementor-icon\">\n\t\t\t<i aria-hidden=\"true\" class=\"vamtamtheme- vamtam-theme-brand-symbol\"><\/i>\t\t\t<\/div>\n\t\t<\/div>\n\t\t\t\t\t\t<\/div>\n\t\t\t\t<\/div>\n\t\t\t\t\t<\/div>\n\t\t<\/div>\n\t\t\t\t\t<\/div>\n\t\t<\/section>\n\t\t\t\t<\/div>\n\t\t","protected":false},"excerpt":{"rendered":"<p>Our healthcare and life sciences consulting expertise helps clients navigate the complex healthcare industry. We understand the entire value chain, from doctors and patients to payers, drug developers, and manufacturers. With cross-disciplinary insights, we drive innovation, reduce costs, optimize digital technologies, and deliver sustained value. <\/p>\n<p>Our team\u2019s deep experience spans Pharmaceuticals, Medical Technology, Healthcare Payers, and Healthcare Providers and Services. Together, we can help you succeed in this rapidly changing market.<\/p>","protected":false},"author":1,"featured_media":0,"parent":1528,"menu_order":0,"comment_status":"closed","ping_status":"closed","template":"","meta":{"content-type":"","footnotes":""},"class_list":["post-4214","page","type-page","status-publish","hentry"],"yoast_head":"<!-- This site is optimized with the Yoast SEO Premium plugin v26.4 (Yoast SEO v26.9) - https:\/\/yoast.com\/product\/yoast-seo-premium-wordpress\/ -->\n<title>Tecnolog\u00eda - Firma Servicios Contables en Panam\u00e1<\/title>\n<meta name=\"description\" content=\"Our healthcare and life sciences consulting expertise helps clients navigate the complex healthcare industry. We understand the entire value chain, from doctors and patients to payers, drug developers, and manufacturers. With cross-disciplinary insights, we drive innovation, reduce costs, optimize digital technologies, and deliver sustained value.  Our team\u2019s deep experience spans Pharmaceuticals, Medical Technology, Healthcare Payers, and Healthcare Providers and Services. Together, we can help you succeed in this rapidly changing market.\" \/>\n<meta name=\"robots\" content=\"index, follow, max-snippet:-1, max-image-preview:large, max-video-preview:-1\" \/>\n<link rel=\"canonical\" href=\"https:\/\/eyshfinancial.com\/en\/industries\/technology\/\" \/>\n<meta property=\"og:locale\" content=\"en_US\" \/>\n<meta property=\"og:type\" content=\"article\" \/>\n<meta property=\"og:title\" content=\"Tecnolog\u00eda\" \/>\n<meta property=\"og:description\" content=\"Our healthcare and life sciences consulting expertise helps clients navigate the complex healthcare industry. We understand the entire value chain, from doctors and patients to payers, drug developers, and manufacturers. With cross-disciplinary insights, we drive innovation, reduce costs, optimize digital technologies, and deliver sustained value.  Our team\u2019s deep experience spans Pharmaceuticals, Medical Technology, Healthcare Payers, and Healthcare Providers and Services. Together, we can help you succeed in this rapidly changing market.\" \/>\n<meta property=\"og:url\" content=\"https:\/\/eyshfinancial.com\/en\/industries\/technology\/\" \/>\n<meta property=\"og:site_name\" content=\"EYSH Financial\" \/>\n<meta property=\"article:publisher\" content=\"https:\/\/www.facebook.com\/eyshfinancial\/\" \/>\n<meta property=\"article:modified_time\" content=\"2025-01-26T03:30:27+00:00\" \/>\n<meta property=\"og:image\" content=\"https:\/\/eyshfinancial.com\/wp-content\/uploads\/2025\/01\/EYSH-Logo-scaled.jpg\" \/>\n\t<meta property=\"og:image:width\" content=\"2560\" \/>\n\t<meta property=\"og:image:height\" content=\"1536\" \/>\n\t<meta property=\"og:image:type\" content=\"image\/jpeg\" \/>\n<meta name=\"twitter:card\" content=\"summary_large_image\" \/>\n<meta name=\"twitter:label1\" content=\"Est. reading time\" \/>\n\t<meta name=\"twitter:data1\" content=\"1 minute\" \/>\n<script type=\"application\/ld+json\" class=\"yoast-schema-graph\">{\"@context\":\"https:\/\/schema.org\",\"@graph\":[{\"@type\":\"WebPage\",\"@id\":\"https:\/\/eyshfinancial.com\/industrias\/tecnologia\/\",\"url\":\"https:\/\/eyshfinancial.com\/industrias\/tecnologia\/\",\"name\":\"Tecnolog\u00eda - Firma Servicios Contables en Panam\u00e1\",\"isPartOf\":{\"@id\":\"https:\/\/eyshfinancial.com\/#website\"},\"datePublished\":\"2023-07-10T12:08:13+00:00\",\"dateModified\":\"2025-01-26T03:30:27+00:00\",\"description\":\"Our healthcare and life sciences consulting expertise helps clients navigate the complex healthcare industry. We understand the entire value chain, from doctors and patients to payers, drug developers, and manufacturers. With cross-disciplinary insights, we drive innovation, reduce costs, optimize digital technologies, and deliver sustained value. Our team\u2019s deep experience spans Pharmaceuticals, Medical Technology, Healthcare Payers, and Healthcare Providers and Services. Together, we can help you succeed in this rapidly changing market.\",\"breadcrumb\":{\"@id\":\"https:\/\/eyshfinancial.com\/industrias\/tecnologia\/#breadcrumb\"},\"inLanguage\":\"en-US\",\"potentialAction\":[{\"@type\":\"ReadAction\",\"target\":[\"https:\/\/eyshfinancial.com\/industrias\/tecnologia\/\"]}]},{\"@type\":\"BreadcrumbList\",\"@id\":\"https:\/\/eyshfinancial.com\/industrias\/tecnologia\/#breadcrumb\",\"itemListElement\":[{\"@type\":\"ListItem\",\"position\":1,\"name\":\"Portada\",\"item\":\"https:\/\/eyshfinancial.com\/\"},{\"@type\":\"ListItem\",\"position\":2,\"name\":\"Industrias\",\"item\":\"https:\/\/eyshfinancial.com\/industrias\/\"},{\"@type\":\"ListItem\",\"position\":3,\"name\":\"Tecnolog\u00eda\"}]},{\"@type\":\"WebSite\",\"@id\":\"https:\/\/eyshfinancial.com\/#website\",\"url\":\"https:\/\/eyshfinancial.com\/\",\"name\":\"EYSH Financial\",\"description\":\"Firma Servicios Contables en Panam\u00e1\",\"publisher\":{\"@id\":\"https:\/\/eyshfinancial.com\/#organization\"},\"potentialAction\":[{\"@type\":\"SearchAction\",\"target\":{\"@type\":\"EntryPoint\",\"urlTemplate\":\"https:\/\/eyshfinancial.com\/?s={search_term_string}\"},\"query-input\":{\"@type\":\"PropertyValueSpecification\",\"valueRequired\":true,\"valueName\":\"search_term_string\"}}],\"inLanguage\":\"en-US\"},{\"@type\":\"Organization\",\"@id\":\"https:\/\/eyshfinancial.com\/#organization\",\"name\":\"EYSH Financial\",\"url\":\"https:\/\/eyshfinancial.com\/\",\"logo\":{\"@type\":\"ImageObject\",\"inLanguage\":\"en-US\",\"@id\":\"https:\/\/eyshfinancial.com\/#\/schema\/logo\/image\/\",\"url\":\"https:\/\/eyshfinancial.com\/wp-content\/uploads\/2025\/01\/cropped-EYSH-Logo-scaled-1.jpg\",\"contentUrl\":\"https:\/\/eyshfinancial.com\/wp-content\/uploads\/2025\/01\/cropped-EYSH-Logo-scaled-1.jpg\",\"width\":512,\"height\":512,\"caption\":\"EYSH Financial\"},\"image\":{\"@id\":\"https:\/\/eyshfinancial.com\/#\/schema\/logo\/image\/\"},\"sameAs\":[\"https:\/\/www.facebook.com\/eyshfinancial\/\",\"https:\/\/www.instagram.com\/eyshfinancial\/\",\"https:\/\/www.linkedin.com\/company\/eysh-financial\/\"]}]}<\/script>\n<!-- \/ Yoast SEO Premium plugin. -->","yoast_head_json":{"title":"Tecnolog\u00eda - Firma Servicios Contables en Panam\u00e1","description":"Our healthcare and life sciences consulting expertise helps clients navigate the complex healthcare industry. We understand the entire value chain, from doctors and patients to payers, drug developers, and manufacturers. With cross-disciplinary insights, we drive innovation, reduce costs, optimize digital technologies, and deliver sustained value.  Our team\u2019s deep experience spans Pharmaceuticals, Medical Technology, Healthcare Payers, and Healthcare Providers and Services. Together, we can help you succeed in this rapidly changing market.","robots":{"index":"index","follow":"follow","max-snippet":"max-snippet:-1","max-image-preview":"max-image-preview:large","max-video-preview":"max-video-preview:-1"},"canonical":"https:\/\/eyshfinancial.com\/en\/industries\/technology\/","og_locale":"en_US","og_type":"article","og_title":"Tecnolog\u00eda","og_description":"Our healthcare and life sciences consulting expertise helps clients navigate the complex healthcare industry. We understand the entire value chain, from doctors and patients to payers, drug developers, and manufacturers. With cross-disciplinary insights, we drive innovation, reduce costs, optimize digital technologies, and deliver sustained value.  Our team\u2019s deep experience spans Pharmaceuticals, Medical Technology, Healthcare Payers, and Healthcare Providers and Services. Together, we can help you succeed in this rapidly changing market.","og_url":"https:\/\/eyshfinancial.com\/en\/industries\/technology\/","og_site_name":"EYSH Financial","article_publisher":"https:\/\/www.facebook.com\/eyshfinancial\/","article_modified_time":"2025-01-26T03:30:27+00:00","og_image":[{"width":2560,"height":1536,"url":"https:\/\/eyshfinancial.com\/wp-content\/uploads\/2025\/01\/EYSH-Logo-scaled.jpg","type":"image\/jpeg"}],"twitter_card":"summary_large_image","twitter_misc":{"Est. reading time":"1 minute"},"schema":{"@context":"https:\/\/schema.org","@graph":[{"@type":"WebPage","@id":"https:\/\/eyshfinancial.com\/industrias\/tecnologia\/","url":"https:\/\/eyshfinancial.com\/industrias\/tecnologia\/","name":"Tecnolog\u00eda - Firma Servicios Contables en Panam\u00e1","isPartOf":{"@id":"https:\/\/eyshfinancial.com\/#website"},"datePublished":"2023-07-10T12:08:13+00:00","dateModified":"2025-01-26T03:30:27+00:00","description":"Our healthcare and life sciences consulting expertise helps clients navigate the complex healthcare industry. We understand the entire value chain, from doctors and patients to payers, drug developers, and manufacturers. With cross-disciplinary insights, we drive innovation, reduce costs, optimize digital technologies, and deliver sustained value. Our team\u2019s deep experience spans Pharmaceuticals, Medical Technology, Healthcare Payers, and Healthcare Providers and Services. Together, we can help you succeed in this rapidly changing market.","breadcrumb":{"@id":"https:\/\/eyshfinancial.com\/industrias\/tecnologia\/#breadcrumb"},"inLanguage":"en-US","potentialAction":[{"@type":"ReadAction","target":["https:\/\/eyshfinancial.com\/industrias\/tecnologia\/"]}]},{"@type":"BreadcrumbList","@id":"https:\/\/eyshfinancial.com\/industrias\/tecnologia\/#breadcrumb","itemListElement":[{"@type":"ListItem","position":1,"name":"Portada","item":"https:\/\/eyshfinancial.com\/"},{"@type":"ListItem","position":2,"name":"Industrias","item":"https:\/\/eyshfinancial.com\/industrias\/"},{"@type":"ListItem","position":3,"name":"Tecnolog\u00eda"}]},{"@type":"WebSite","@id":"https:\/\/eyshfinancial.com\/#website","url":"https:\/\/eyshfinancial.com\/","name":"EYSH Financial","description":"Firma Servicios Contables en Panam\u00e1","publisher":{"@id":"https:\/\/eyshfinancial.com\/#organization"},"potentialAction":[{"@type":"SearchAction","target":{"@type":"EntryPoint","urlTemplate":"https:\/\/eyshfinancial.com\/?s={search_term_string}"},"query-input":{"@type":"PropertyValueSpecification","valueRequired":true,"valueName":"search_term_string"}}],"inLanguage":"en-US"},{"@type":"Organization","@id":"https:\/\/eyshfinancial.com\/#organization","name":"EYSH Financial","url":"https:\/\/eyshfinancial.com\/","logo":{"@type":"ImageObject","inLanguage":"en-US","@id":"https:\/\/eyshfinancial.com\/#\/schema\/logo\/image\/","url":"https:\/\/eyshfinancial.com\/wp-content\/uploads\/2025\/01\/cropped-EYSH-Logo-scaled-1.jpg","contentUrl":"https:\/\/eyshfinancial.com\/wp-content\/uploads\/2025\/01\/cropped-EYSH-Logo-scaled-1.jpg","width":512,"height":512,"caption":"EYSH Financial"},"image":{"@id":"https:\/\/eyshfinancial.com\/#\/schema\/logo\/image\/"},"sameAs":["https:\/\/www.facebook.com\/eyshfinancial\/","https:\/\/www.instagram.com\/eyshfinancial\/","https:\/\/www.linkedin.com\/company\/eysh-financial\/"]}]}},"_links":{"self":[{"href":"https:\/\/eyshfinancial.com\/en\/wp-json\/wp\/v2\/pages\/4214","targetHints":{"allow":["GET"]}}],"collection":[{"href":"https:\/\/eyshfinancial.com\/en\/wp-json\/wp\/v2\/pages"}],"about":[{"href":"https:\/\/eyshfinancial.com\/en\/wp-json\/wp\/v2\/types\/page"}],"author":[{"embeddable":true,"href":"https:\/\/eyshfinancial.com\/en\/wp-json\/wp\/v2\/users\/1"}],"replies":[{"embeddable":true,"href":"https:\/\/eyshfinancial.com\/en\/wp-json\/wp\/v2\/comments?post=4214"}],"version-history":[{"count":0,"href":"https:\/\/eyshfinancial.com\/en\/wp-json\/wp\/v2\/pages\/4214\/revisions"}],"up":[{"embeddable":true,"href":"https:\/\/eyshfinancial.com\/en\/wp-json\/wp\/v2\/pages\/1528"}],"wp:attachment":[{"href":"https:\/\/eyshfinancial.com\/en\/wp-json\/wp\/v2\/media?parent=4214"}],"curies":[{"name":"wp","href":"https:\/\/api.w.org\/{rel}","templated":true}]}}