{"id":988347,"date":"2025-01-23T02:17:10","date_gmt":"2025-01-23T02:17:10","guid":{"rendered":"https:\/\/eyshfinancial.com\/?page_id=988347"},"modified":"2025-03-08T02:39:43","modified_gmt":"2025-03-08T02:39:43","slug":"law-firm","status":"publish","type":"page","link":"https:\/\/eyshfinancial.com\/en\/industries\/law-firm\/","title":{"rendered":"Law Firms"},"content":{"rendered":"\t\t<div data-elementor-type=\"wp-page\" data-elementor-id=\"988347\" class=\"elementor elementor-988347\" data-elementor-post-type=\"page\">\n\t\t\t\t<div class=\"elementor-element elementor-element-338593b e-flex e-con-boxed e-con e-parent\" data-id=\"338593b\" data-element_type=\"container\" data-e-type=\"container\">\n\t\t\t\t\t<div class=\"e-con-inner\">\n\t\t\t\t<div class=\"elementor-element elementor-element-cedabe5 elementor-widget elementor-widget-text-editor\" data-id=\"cedabe5\" data-element_type=\"widget\" data-e-type=\"widget\" data-widget_type=\"text-editor.default\">\n\t\t\t\t<div class=\"elementor-widget-container\">\n\t\t\t\t\t\t\t\t\t<p><strong>En nuestra firma contable, entendemos las necesidades \u00fanicas y los desaf\u00edos financieros que enfrentan las firmas de abogados.<\/strong>\u00a0Nuestro equipo de expertos est\u00e1 especializado en proporcionar soluciones contables personalizadas que optimizan la gesti\u00f3n financiera y aseguran el cumplimiento normativo. Desde la contabilidad de costos y la planificaci\u00f3n fiscal hasta la gesti\u00f3n de n\u00f3minas y la administraci\u00f3n de cuentas por cobrar, ofrecemos un enfoque integral que mejora la eficiencia operativa de su firma.<\/p><p><strong>Nos comprometemos a ser su socio estrat\u00e9gico, brind\u00e1ndole el apoyo y la orientaci\u00f3n necesarios para manejar sus finanzas con confianza.<\/strong>\u00a0Con un profundo conocimiento de las regulaciones y las mejores pr\u00e1cticas del sector legal, proporcionamos asesoramiento proactivo y soporte continuo. Ya sea que est\u00e9 buscando optimizar sus procesos financieros, mejorar la rentabilidad o asegurar el cumplimiento normativo, estamos aqu\u00ed para ayudarle en cada paso del camino.<\/p><p><strong>Nuestra prioridad es su \u00e9xito y tranquilidad.<\/strong>\u00a0Trabajamos estrechamente con su equipo para identificar oportunidades de mejora y desarrollar estrategias financieras que impulsen el crecimiento y la estabilidad de su firma. Con nuestro apoyo, puede estar seguro de que sus asuntos contables est\u00e1n en manos de profesionales dedicados y comprometidos con su bienestar financiero.<\/p>\t\t\t\t\t\t\t\t<\/div>\n\t\t\t\t<\/div>\n\t\t\t\t\t<\/div>\n\t\t\t\t<\/div>\n\t\t\t\t<section class=\"elementor-section elementor-top-section elementor-element elementor-element-ff6b927 elementor-section-height-min-height elementor-section-items-stretch elementor-section-content-middle elementor-section-boxed elementor-section-height-default\" data-id=\"ff6b927\" data-element_type=\"section\" data-e-type=\"section\" data-settings=\"{&quot;background_background&quot;:&quot;classic&quot;,&quot;background_motion_fx_translateY_effect&quot;:&quot;yes&quot;,&quot;background_motion_fx_translateY_speed&quot;:{&quot;unit&quot;:&quot;px&quot;,&quot;size&quot;:4.8,&quot;sizes&quot;:[]},&quot;background_motion_fx_devices&quot;:[&quot;desktop&quot;],&quot;background_motion_fx_motion_fx_scrolling&quot;:&quot;yes&quot;,&quot;background_motion_fx_translateY_affectedRange&quot;:{&quot;unit&quot;:&quot;%&quot;,&quot;size&quot;:&quot;&quot;,&quot;sizes&quot;:{&quot;start&quot;:10,&quot;end&quot;:85}}}\">\n\t\t\t\t\t\t\t<div class=\"elementor-background-overlay\"><\/div>\n\t\t\t\t\t\t\t<div class=\"elementor-container elementor-column-gap-no\">\n\t\t\t\t\t<div class=\"elementor-column elementor-col-100 elementor-top-column elementor-element elementor-element-38781b7\" data-id=\"38781b7\" data-element_type=\"column\" data-e-type=\"column\" data-settings=\"{&quot;background_background&quot;:&quot;classic&quot;}\">\n\t\t\t<div class=\"elementor-widget-wrap elementor-element-populated\">\n\t\t\t\t\t\t<div class=\"elementor-element elementor-element-83c9928 elementor-widget__width-auto elementor-view-default elementor-invisible elementor-widget elementor-widget-icon\" data-id=\"83c9928\" data-element_type=\"widget\" data-e-type=\"widget\" data-settings=\"{&quot;_animation&quot;:&quot;fadeInUp&quot;,&quot;_animation_tablet&quot;:&quot;none&quot;,&quot;_animation_delay&quot;:300}\" data-widget_type=\"icon.default\">\n\t\t\t\t<div class=\"elementor-widget-container\">\n\t\t\t\t\t\t\t<div class=\"elementor-icon-wrapper\">\n\t\t\t<div class=\"elementor-icon\">\n\t\t\t<i aria-hidden=\"true\" class=\"vamtamtheme- vamtam-theme-brand-symbol\"><\/i>\t\t\t<\/div>\n\t\t<\/div>\n\t\t\t\t\t\t<\/div>\n\t\t\t\t<\/div>\n\t\t\t\t\t<\/div>\n\t\t<\/div>\n\t\t\t\t\t<\/div>\n\t\t<\/section>\n\t\t\t\t<\/div>\n\t\t","protected":false},"excerpt":{"rendered":"<p>En nuestra firma contable, entendemos las necesidades \u00fanicas y los desaf\u00edos financieros que enfrentan las firmas de abogados.\u00a0Nuestro equipo de expertos est\u00e1 especializado en proporcionar soluciones contables personalizadas que optimizan la gesti\u00f3n financiera y aseguran el cumplimiento normativo. Desde la contabilidad de costos y la planificaci\u00f3n fiscal hasta la gesti\u00f3n de n\u00f3minas y la administraci\u00f3n&#8230;<\/p>","protected":false},"author":3,"featured_media":0,"parent":1528,"menu_order":0,"comment_status":"closed","ping_status":"closed","template":"","meta":{"content-type":"","footnotes":""},"class_list":["post-988347","page","type-page","status-publish","hentry"],"yoast_head":"<!-- This site is optimized with the Yoast SEO Premium plugin v26.4 (Yoast SEO v26.9) - https:\/\/yoast.com\/product\/yoast-seo-premium-wordpress\/ -->\n<title>Firmas de Abogados - Firma Servicios Contables en Panam\u00e1<\/title>\n<meta name=\"description\" content=\"En nuestra firma contable, entendemos las necesidades \u00fanicas y los desaf\u00edos financieros que enfrentan las firmas de abogados.\u00a0Nuestro equipo de expertos\" \/>\n<meta name=\"robots\" content=\"index, follow, max-snippet:-1, max-image-preview:large, max-video-preview:-1\" \/>\n<link rel=\"canonical\" href=\"https:\/\/eyshfinancial.com\/en\/industries\/law-firm\/\" \/>\n<meta property=\"og:locale\" content=\"en_US\" \/>\n<meta property=\"og:type\" content=\"article\" \/>\n<meta property=\"og:title\" content=\"Firmas de Abogados\" \/>\n<meta property=\"og:description\" content=\"En nuestra firma contable, entendemos las necesidades \u00fanicas y los desaf\u00edos financieros que enfrentan las firmas de abogados.\u00a0Nuestro equipo de expertos\" \/>\n<meta property=\"og:url\" content=\"https:\/\/eyshfinancial.com\/en\/industries\/law-firm\/\" \/>\n<meta property=\"og:site_name\" content=\"EYSH Financial\" \/>\n<meta property=\"article:publisher\" content=\"https:\/\/www.facebook.com\/eyshfinancial\/\" \/>\n<meta property=\"article:modified_time\" content=\"2025-03-08T02:39:43+00:00\" \/>\n<meta property=\"og:image\" content=\"https:\/\/eyshfinancial.com\/wp-content\/uploads\/2025\/01\/EYSH-Logo-scaled.jpg\" \/>\n\t<meta property=\"og:image:width\" content=\"2560\" \/>\n\t<meta property=\"og:image:height\" content=\"1536\" \/>\n\t<meta property=\"og:image:type\" content=\"image\/jpeg\" \/>\n<meta name=\"twitter:card\" content=\"summary_large_image\" \/>\n<meta name=\"twitter:label1\" content=\"Est. reading time\" \/>\n\t<meta name=\"twitter:data1\" content=\"1 minute\" \/>\n<script type=\"application\/ld+json\" class=\"yoast-schema-graph\">{\"@context\":\"https:\/\/schema.org\",\"@graph\":[{\"@type\":\"WebPage\",\"@id\":\"https:\/\/eyshfinancial.com\/industrias\/firmas-de-abogados\/\",\"url\":\"https:\/\/eyshfinancial.com\/industrias\/firmas-de-abogados\/\",\"name\":\"Firmas de Abogados - Firma Servicios Contables en Panam\u00e1\",\"isPartOf\":{\"@id\":\"https:\/\/eyshfinancial.com\/#website\"},\"datePublished\":\"2025-01-23T02:17:10+00:00\",\"dateModified\":\"2025-03-08T02:39:43+00:00\",\"description\":\"En nuestra firma contable, entendemos las necesidades \u00fanicas y los desaf\u00edos financieros que enfrentan las firmas de abogados.\u00a0Nuestro equipo de expertos\",\"breadcrumb\":{\"@id\":\"https:\/\/eyshfinancial.com\/industrias\/firmas-de-abogados\/#breadcrumb\"},\"inLanguage\":\"en-US\",\"potentialAction\":[{\"@type\":\"ReadAction\",\"target\":[\"https:\/\/eyshfinancial.com\/industrias\/firmas-de-abogados\/\"]}]},{\"@type\":\"BreadcrumbList\",\"@id\":\"https:\/\/eyshfinancial.com\/industrias\/firmas-de-abogados\/#breadcrumb\",\"itemListElement\":[{\"@type\":\"ListItem\",\"position\":1,\"name\":\"Portada\",\"item\":\"https:\/\/eyshfinancial.com\/\"},{\"@type\":\"ListItem\",\"position\":2,\"name\":\"Industrias\",\"item\":\"https:\/\/eyshfinancial.com\/industrias\/\"},{\"@type\":\"ListItem\",\"position\":3,\"name\":\"Firmas de Abogados\"}]},{\"@type\":\"WebSite\",\"@id\":\"https:\/\/eyshfinancial.com\/#website\",\"url\":\"https:\/\/eyshfinancial.com\/\",\"name\":\"EYSH Financial\",\"description\":\"Firma Servicios Contables en Panam\u00e1\",\"publisher\":{\"@id\":\"https:\/\/eyshfinancial.com\/#organization\"},\"potentialAction\":[{\"@type\":\"SearchAction\",\"target\":{\"@type\":\"EntryPoint\",\"urlTemplate\":\"https:\/\/eyshfinancial.com\/?s={search_term_string}\"},\"query-input\":{\"@type\":\"PropertyValueSpecification\",\"valueRequired\":true,\"valueName\":\"search_term_string\"}}],\"inLanguage\":\"en-US\"},{\"@type\":\"Organization\",\"@id\":\"https:\/\/eyshfinancial.com\/#organization\",\"name\":\"EYSH Financial\",\"url\":\"https:\/\/eyshfinancial.com\/\",\"logo\":{\"@type\":\"ImageObject\",\"inLanguage\":\"en-US\",\"@id\":\"https:\/\/eyshfinancial.com\/#\/schema\/logo\/image\/\",\"url\":\"https:\/\/eyshfinancial.com\/wp-content\/uploads\/2025\/01\/cropped-EYSH-Logo-scaled-1.jpg\",\"contentUrl\":\"https:\/\/eyshfinancial.com\/wp-content\/uploads\/2025\/01\/cropped-EYSH-Logo-scaled-1.jpg\",\"width\":512,\"height\":512,\"caption\":\"EYSH Financial\"},\"image\":{\"@id\":\"https:\/\/eyshfinancial.com\/#\/schema\/logo\/image\/\"},\"sameAs\":[\"https:\/\/www.facebook.com\/eyshfinancial\/\",\"https:\/\/www.instagram.com\/eyshfinancial\/\",\"https:\/\/www.linkedin.com\/company\/eysh-financial\/\"]}]}<\/script>\n<!-- \/ Yoast SEO Premium plugin. -->","yoast_head_json":{"title":"Firmas de Abogados - Firma Servicios Contables en Panam\u00e1","description":"En nuestra firma contable, entendemos las necesidades \u00fanicas y los desaf\u00edos financieros que enfrentan las firmas de abogados.\u00a0Nuestro equipo de expertos","robots":{"index":"index","follow":"follow","max-snippet":"max-snippet:-1","max-image-preview":"max-image-preview:large","max-video-preview":"max-video-preview:-1"},"canonical":"https:\/\/eyshfinancial.com\/en\/industries\/law-firm\/","og_locale":"en_US","og_type":"article","og_title":"Firmas de Abogados","og_description":"En nuestra firma contable, entendemos las necesidades \u00fanicas y los desaf\u00edos financieros que enfrentan las firmas de abogados.\u00a0Nuestro equipo de expertos","og_url":"https:\/\/eyshfinancial.com\/en\/industries\/law-firm\/","og_site_name":"EYSH Financial","article_publisher":"https:\/\/www.facebook.com\/eyshfinancial\/","article_modified_time":"2025-03-08T02:39:43+00:00","og_image":[{"width":2560,"height":1536,"url":"https:\/\/eyshfinancial.com\/wp-content\/uploads\/2025\/01\/EYSH-Logo-scaled.jpg","type":"image\/jpeg"}],"twitter_card":"summary_large_image","twitter_misc":{"Est. reading time":"1 minute"},"schema":{"@context":"https:\/\/schema.org","@graph":[{"@type":"WebPage","@id":"https:\/\/eyshfinancial.com\/industrias\/firmas-de-abogados\/","url":"https:\/\/eyshfinancial.com\/industrias\/firmas-de-abogados\/","name":"Firmas de Abogados - Firma Servicios Contables en Panam\u00e1","isPartOf":{"@id":"https:\/\/eyshfinancial.com\/#website"},"datePublished":"2025-01-23T02:17:10+00:00","dateModified":"2025-03-08T02:39:43+00:00","description":"En nuestra firma contable, entendemos las necesidades \u00fanicas y los desaf\u00edos financieros que enfrentan las firmas de abogados.\u00a0Nuestro equipo de expertos","breadcrumb":{"@id":"https:\/\/eyshfinancial.com\/industrias\/firmas-de-abogados\/#breadcrumb"},"inLanguage":"en-US","potentialAction":[{"@type":"ReadAction","target":["https:\/\/eyshfinancial.com\/industrias\/firmas-de-abogados\/"]}]},{"@type":"BreadcrumbList","@id":"https:\/\/eyshfinancial.com\/industrias\/firmas-de-abogados\/#breadcrumb","itemListElement":[{"@type":"ListItem","position":1,"name":"Portada","item":"https:\/\/eyshfinancial.com\/"},{"@type":"ListItem","position":2,"name":"Industrias","item":"https:\/\/eyshfinancial.com\/industrias\/"},{"@type":"ListItem","position":3,"name":"Firmas de Abogados"}]},{"@type":"WebSite","@id":"https:\/\/eyshfinancial.com\/#website","url":"https:\/\/eyshfinancial.com\/","name":"EYSH Financial","description":"Firma Servicios Contables en Panam\u00e1","publisher":{"@id":"https:\/\/eyshfinancial.com\/#organization"},"potentialAction":[{"@type":"SearchAction","target":{"@type":"EntryPoint","urlTemplate":"https:\/\/eyshfinancial.com\/?s={search_term_string}"},"query-input":{"@type":"PropertyValueSpecification","valueRequired":true,"valueName":"search_term_string"}}],"inLanguage":"en-US"},{"@type":"Organization","@id":"https:\/\/eyshfinancial.com\/#organization","name":"EYSH Financial","url":"https:\/\/eyshfinancial.com\/","logo":{"@type":"ImageObject","inLanguage":"en-US","@id":"https:\/\/eyshfinancial.com\/#\/schema\/logo\/image\/","url":"https:\/\/eyshfinancial.com\/wp-content\/uploads\/2025\/01\/cropped-EYSH-Logo-scaled-1.jpg","contentUrl":"https:\/\/eyshfinancial.com\/wp-content\/uploads\/2025\/01\/cropped-EYSH-Logo-scaled-1.jpg","width":512,"height":512,"caption":"EYSH Financial"},"image":{"@id":"https:\/\/eyshfinancial.com\/#\/schema\/logo\/image\/"},"sameAs":["https:\/\/www.facebook.com\/eyshfinancial\/","https:\/\/www.instagram.com\/eyshfinancial\/","https:\/\/www.linkedin.com\/company\/eysh-financial\/"]}]}},"_links":{"self":[{"href":"https:\/\/eyshfinancial.com\/en\/wp-json\/wp\/v2\/pages\/988347","targetHints":{"allow":["GET"]}}],"collection":[{"href":"https:\/\/eyshfinancial.com\/en\/wp-json\/wp\/v2\/pages"}],"about":[{"href":"https:\/\/eyshfinancial.com\/en\/wp-json\/wp\/v2\/types\/page"}],"author":[{"embeddable":true,"href":"https:\/\/eyshfinancial.com\/en\/wp-json\/wp\/v2\/users\/3"}],"replies":[{"embeddable":true,"href":"https:\/\/eyshfinancial.com\/en\/wp-json\/wp\/v2\/comments?post=988347"}],"version-history":[{"count":0,"href":"https:\/\/eyshfinancial.com\/en\/wp-json\/wp\/v2\/pages\/988347\/revisions"}],"up":[{"embeddable":true,"href":"https:\/\/eyshfinancial.com\/en\/wp-json\/wp\/v2\/pages\/1528"}],"wp:attachment":[{"href":"https:\/\/eyshfinancial.com\/en\/wp-json\/wp\/v2\/media?parent=988347"}],"curies":[{"name":"wp","href":"https:\/\/api.w.org\/{rel}","templated":true}]}}